{"id":11959,"date":"2021-02-01T17:07:26","date_gmt":"2021-02-01T23:07:26","guid":{"rendered":"https:\/\/www.permapipe.com\/contacts\/"},"modified":"2023-11-28T21:53:19","modified_gmt":"2023-11-29T03:53:19","slug":"contacts","status":"publish","type":"page","link":"https:\/\/www.permapipe.com\/fr\/contacts\/","title":{"rendered":"Contacts"},"content":{"rendered":"\t\t<div data-elementor-type=\"wp-page\" data-elementor-id=\"11959\" class=\"elementor elementor-11959 elementor-16\" data-elementor-post-type=\"page\">\n\t\t\t\t\t\t\t\t\t<section class=\"elementor-section elementor-top-section elementor-element elementor-element-0d82e0a elementor-section-stretched elementor-section-full_width elementor-section-height-min-height elementor-section-height-default elementor-section-items-middle\" data-id=\"0d82e0a\" data-element_type=\"section\" data-settings=\"{&quot;stretch_section&quot;:&quot;section-stretched&quot;,&quot;background_background&quot;:&quot;classic&quot;}\">\n\t\t\t\t\t\t<div class=\"elementor-container elementor-column-gap-default\">\n\t\t\t\t\t<div class=\"elementor-column elementor-col-100 elementor-top-column elementor-element elementor-element-8ffffc4\" data-id=\"8ffffc4\" data-element_type=\"column\" data-settings=\"{&quot;background_background&quot;:&quot;classic&quot;}\">\n\t\t\t<div class=\"elementor-widget-wrap\">\n\t\t\t\t\t\t\t\t\t<\/div>\n\t\t<\/div>\n\t\t\t\t\t\t\t<\/div>\n\t\t<\/section>\n\t\t\t\t<section class=\"elementor-section elementor-top-section elementor-element elementor-element-2f8c7a2 elementor-section-stretched elementor-section-boxed elementor-section-height-default elementor-section-height-default\" data-id=\"2f8c7a2\" data-element_type=\"section\" data-settings=\"{&quot;stretch_section&quot;:&quot;section-stretched&quot;,&quot;background_background&quot;:&quot;classic&quot;}\">\n\t\t\t\t\t\t<div class=\"elementor-container elementor-column-gap-default\">\n\t\t\t\t\t<div class=\"elementor-column elementor-col-100 elementor-top-column elementor-element elementor-element-4dfb3e7\" data-id=\"4dfb3e7\" data-element_type=\"column\" data-settings=\"{&quot;background_background&quot;:&quot;classic&quot;}\">\n\t\t\t<div class=\"elementor-widget-wrap elementor-element-populated\">\n\t\t\t\t\t\t\t\t<section class=\"elementor-section elementor-inner-section elementor-element elementor-element-c181d74 elementor-section-full_width elementor-section-height-default elementor-section-height-default\" data-id=\"c181d74\" data-element_type=\"section\">\n\t\t\t\t\t\t<div class=\"elementor-container elementor-column-gap-default\">\n\t\t\t\t\t<div class=\"elementor-column elementor-col-100 elementor-inner-column elementor-element elementor-element-0048531\" data-id=\"0048531\" data-element_type=\"column\">\n\t\t\t<div class=\"elementor-widget-wrap elementor-element-populated\">\n\t\t\t\t\t\t\t\t<div class=\"elementor-element elementor-element-cc7dde1 elementor-widget elementor-widget-heading\" data-id=\"cc7dde1\" data-element_type=\"widget\" data-widget_type=\"heading.default\">\n\t\t\t\t<div class=\"elementor-widget-container\">\n\t\t\t<h3 class=\"elementor-heading-title elementor-size-default\">Demandez \u00e0 un sp\u00e9cialiste de <br>PERMA-PIPE<\/h3>\t\t<\/div>\n\t\t\t\t<\/div>\n\t\t\t\t<div class=\"elementor-element elementor-element-a3cc1cd elementor-widget elementor-widget-text-editor\" data-id=\"a3cc1cd\" data-element_type=\"widget\" data-widget_type=\"text-editor.default\">\n\t\t\t\t<div class=\"elementor-widget-container\">\n\t\t\t\t\t\t\t<p>Nous sommes l\u00e0 pour vous venir en aide dans le cadre de vos projets actuels et \u00e0 venir. Veuillez utiliser le formulaire ci-dessous ou nous envoyer un courriel directement au\u00a0: <a href=\"mailto:support@permapipeconstructionequipment.online\">support@permapipeconstructionequipment.online<\/a>, et un de nos sp\u00e9cialistes prendra contact avec vous. Nous vous remercions de l\u2019int\u00e9r\u00eat que vous portez \u00e0 PERMA-PIPE.<\/p>\n\t\t\t\t\t\t<\/div>\n\t\t\t\t<\/div>\n\t\t\t\t<div class=\"elementor-element elementor-element-fa415f5 elementor-widget elementor-widget-text-editor\" data-id=\"fa415f5\" data-element_type=\"widget\" data-widget_type=\"text-editor.default\">\n\t\t\t\t<div class=\"elementor-widget-container\">\n\t\t\t\t\t\t\t<p><em>Avertissement\u00a0: Ne t\u00e9l\u00e9chargez pas votre CV sur cette page; il ne sera pas transmis au service des ressources humaines.\u00a0 Rendez-vous sur notre page <a href=\"https:\/\/www.permapipe.com\/job-posting\/upload-resume\/\" target=\"_blank\" rel=\"noopener\">T\u00e9l\u00e9chargement de CV<\/a> pour obtenir des directives suppl\u00e9mentaires.<\/em><\/p>\n\t\t\t\t\t\t<\/div>\n\t\t\t\t<\/div>\n\t\t\t\t<div class=\"elementor-element elementor-element-e78cbc0 elementor-widget elementor-widget-text-editor\" data-id=\"e78cbc0\" data-element_type=\"widget\" data-widget_type=\"text-editor.default\">\n\t\t\t\t<div class=\"elementor-widget-container\">\n\t\t\t\t\t\t\t<p><em>*\u00a0Obligatoire<\/em><\/p>\n\t\t\t\t\t\t<\/div>\n\t\t\t\t<\/div>\n\t\t\t\t<div class=\"elementor-element elementor-element-00cd36d elementor-widget elementor-widget-text-editor\" data-id=\"00cd36d\" data-element_type=\"widget\" data-widget_type=\"text-editor.default\">\n\t\t\t\t<div class=\"elementor-widget-container\">\n\t\t\t\t\t\t\t\n                <div class='gf_browser_unknown gform_wrapper' id='gform_wrapper_1' ><div id='gf_1' class='gform_anchor' tabindex='-1'><\/div><form method='post' enctype='multipart\/form-data' target='gform_ajax_frame_1' id='gform_1'  action='\/fr\/wp-json\/wp\/v2\/pages\/11959#gf_1'>\n                        <div class='gform_heading'>\n                            <h3 class='gform_title'>Contact<\/h3>\n                        <\/div>\n                        <div class='gform_body'><ul id='gform_fields_1' class='gform_fields top_label form_sublabel_below description_below'><li id='field_1_1'  class='gfield gf_left_half field_sublabel_below field_description_below gfield_visibility_visible' ><label class='gfield_label' for='input_1_1' >Name*<\/label><div class='ginput_container ginput_container_text'><input name='input_1' id='input_1_1' type='text' value='' class='medium'      aria-invalid=\"false\" \/><\/div><\/li><li id='field_1_2'  class='gfield gf_right_half field_sublabel_below field_description_below gfield_visibility_visible' ><label class='gfield_label' for='input_1_2' >Job Title*<\/label><div class='ginput_container ginput_container_text'><input name='input_2' id='input_1_2' type='text' value='' class='medium'      aria-invalid=\"false\" \/><\/div><\/li><li id='field_1_3'  class='gfield gf_left_half field_sublabel_below field_description_below gfield_visibility_visible' ><label class='gfield_label' for='input_1_3' >Company Name*<\/label><div class='ginput_container ginput_container_text'><input name='input_3' id='input_1_3' type='text' value='' class='medium'      aria-invalid=\"false\" \/><\/div><\/li><li id='field_1_5'  class='gfield gf_right_half field_sublabel_below field_description_below gfield_visibility_visible' ><label class='gfield_label' for='input_1_5' >Company Location*<\/label><div class='ginput_container ginput_container_phone'><input name='input_5' id='input_1_5' type='text' value='' class='medium'  placeholder='City \/ State \/ Country'  aria-invalid=\"false\"  \/><\/div><\/li><li id='field_1_11'  class='gfield gf_left_half field_sublabel_below field_description_below gfield_visibility_visible' ><label class='gfield_label' for='input_1_11' >Phone*<\/label><div class='ginput_container ginput_container_phone'><input name='input_11' id='input_1_11' type='text' value='' class='medium'    aria-invalid=\"false\"  \/><\/div><\/li><li id='field_1_6'  class='gfield gf_right_half field_sublabel_below field_description_below gfield_visibility_visible' ><label class='gfield_label' for='input_1_6' >Email*<\/label><div class='ginput_container ginput_container_email'>\n                            <input name='input_6' id='input_1_6' type='text' value='' class='medium'     aria-invalid=\"false\" \/>\n                        <\/div><\/li><li id='field_1_7'  class='gfield gf_left_half field_sublabel_below field_description_below gfield_visibility_visible' ><label class='gfield_label'  >Choose Your Solutions*<\/label><div class='ginput_container ginput_container_checkbox'><ul class='gfield_checkbox' id='input_1_7'><li class='gchoice_1_7_1'>\n\t\t\t\t\t\t\t\t<input name='input_7.1' type='checkbox'  value='District Energy'  id='choice_1_7_1'   \/>\n\t\t\t\t\t\t\t\t<label for='choice_1_7_1' id='label_1_7_1'>District Energy<\/label>\n\t\t\t\t\t\t\t<\/li><li class='gchoice_1_7_2'>\n\t\t\t\t\t\t\t\t<input name='input_7.2' type='checkbox'  value='Environmental Protection'  id='choice_1_7_2'   \/>\n\t\t\t\t\t\t\t\t<label for='choice_1_7_2' id='label_1_7_2'>Environmental Protection<\/label>\n\t\t\t\t\t\t\t<\/li><li class='gchoice_1_7_3'>\n\t\t\t\t\t\t\t\t<input name='input_7.3' type='checkbox'  value='Oil &amp; Gas'  id='choice_1_7_3'   \/>\n\t\t\t\t\t\t\t\t<label for='choice_1_7_3' id='label_1_7_3'>Oil &#038; Gas<\/label>\n\t\t\t\t\t\t\t<\/li><li class='gchoice_1_7_4'>\n\t\t\t\t\t\t\t\t<input name='input_7.4' type='checkbox'  value='Maritime'  id='choice_1_7_4'   \/>\n\t\t\t\t\t\t\t\t<label for='choice_1_7_4' id='label_1_7_4'>Maritime<\/label>\n\t\t\t\t\t\t\t<\/li><li class='gchoice_1_7_5'>\n\t\t\t\t\t\t\t\t<input name='input_7.5' type='checkbox'  value='Industrial'  id='choice_1_7_5'   \/>\n\t\t\t\t\t\t\t\t<label for='choice_1_7_5' id='label_1_7_5'>Industrial<\/label>\n\t\t\t\t\t\t\t<\/li><li class='gchoice_1_7_6'>\n\t\t\t\t\t\t\t\t<input name='input_7.6' type='checkbox'  value='Corrosion Under Insulation'  id='choice_1_7_6'   \/>\n\t\t\t\t\t\t\t\t<label for='choice_1_7_6' id='label_1_7_6'>Corrosion Under Insulation<\/label>\n\t\t\t\t\t\t\t<\/li><\/ul><\/div><\/li><li id='field_1_8'  class='gfield gf_right_half field_sublabel_below field_description_below gfield_visibility_visible' ><label class='gfield_label'  >Choose Your Products*<\/label><div class='ginput_container ginput_container_checkbox'><ul class='gfield_checkbox' id='input_1_8'><li class='gchoice_1_8_1'>\n\t\t\t\t\t\t\t\t<input name='input_8.1' type='checkbox'  value='Insulation'  id='choice_1_8_1'   \/>\n\t\t\t\t\t\t\t\t<label for='choice_1_8_1' id='label_1_8_1'>Insulation<\/label>\n\t\t\t\t\t\t\t<\/li><li class='gchoice_1_8_2'>\n\t\t\t\t\t\t\t\t<input name='input_8.2' type='checkbox'  value='Containment'  id='choice_1_8_2'   \/>\n\t\t\t\t\t\t\t\t<label for='choice_1_8_2' id='label_1_8_2'>Containment<\/label>\n\t\t\t\t\t\t\t<\/li><li class='gchoice_1_8_3'>\n\t\t\t\t\t\t\t\t<input name='input_8.3' type='checkbox'  value='Anti-Corrosion'  id='choice_1_8_3'   \/>\n\t\t\t\t\t\t\t\t<label for='choice_1_8_3' id='label_1_8_3'>Anti-Corrosion<\/label>\n\t\t\t\t\t\t\t<\/li><li class='gchoice_1_8_4'>\n\t\t\t\t\t\t\t\t<input name='input_8.4' type='checkbox'  value='Leak Detection'  id='choice_1_8_4'   \/>\n\t\t\t\t\t\t\t\t<label for='choice_1_8_4' id='label_1_8_4'>Leak Detection<\/label>\n\t\t\t\t\t\t\t<\/li><li class='gchoice_1_8_5'>\n\t\t\t\t\t\t\t\t<input name='input_8.5' type='checkbox'  value='Specialty'  id='choice_1_8_5'   \/>\n\t\t\t\t\t\t\t\t<label for='choice_1_8_5' id='label_1_8_5'>Specialty<\/label>\n\t\t\t\t\t\t\t<\/li><\/ul><\/div><\/li><li id='field_1_9'  class='gfield field_sublabel_below field_description_below gfield_visibility_visible' ><label class='gfield_label'  >Choose Your Services*<\/label><div class='ginput_container ginput_container_checkbox'><ul class='gfield_checkbox' id='input_1_9'><li class='gchoice_1_9_1'>\n\t\t\t\t\t\t\t\t<input name='input_9.1' type='checkbox'  value='Engineering Support'  id='choice_1_9_1'   \/>\n\t\t\t\t\t\t\t\t<label for='choice_1_9_1' id='label_1_9_1'>Engineering Support<\/label>\n\t\t\t\t\t\t\t<\/li><li class='gchoice_1_9_2'>\n\t\t\t\t\t\t\t\t<input name='input_9.2' type='checkbox'  value='Field Service'  id='choice_1_9_2'   \/>\n\t\t\t\t\t\t\t\t<label for='choice_1_9_2' id='label_1_9_2'>Field Service<\/label>\n\t\t\t\t\t\t\t<\/li><li class='gchoice_1_9_3'>\n\t\t\t\t\t\t\t\t<input name='input_9.3' type='checkbox'  value='Custom Fabrication'  id='choice_1_9_3'   \/>\n\t\t\t\t\t\t\t\t<label for='choice_1_9_3' id='label_1_9_3'>Custom Fabrication<\/label>\n\t\t\t\t\t\t\t<\/li><\/ul><\/div><\/li><li id='field_1_10'  class='gfield field_sublabel_below field_description_below gfield_visibility_visible' ><label class='gfield_label' for='input_1_10' >How may we help you?<\/label><div class='ginput_container ginput_container_textarea'><textarea name='input_10' id='input_1_10' class='textarea medium'      aria-invalid=\"false\"   rows='10' cols='50'><\/textarea><\/div><\/li><li id='field_1_12'  class='gfield gf_left_half field_sublabel_below field_description_below gfield_visibility_visible' ><label class='gfield_label' for='input_1_12' >How Did You Hear About Us?<\/label><div class='ginput_container ginput_container_text'><input name='input_12' id='input_1_12' type='text' value='' class='medium'      aria-invalid=\"false\" \/><\/div><\/li><li id='field_1_13'  class='gfield gform_validation_container field_sublabel_below field_description_below gfield_visibility_visible' ><label class='gfield_label' for='input_1_13' >Name<\/label><div class='ginput_container'><input name='input_13' id='input_1_13' type='text' value='' \/><\/div><div class='gfield_description' id='gfield_description_1_13'>Ce champ n\u2019est utilis\u00e9 qu\u2019\u00e0 des fins de validation et devrait rester inchang\u00e9.<\/div><\/li>\n                            <\/ul><\/div>\n        <div class='gform_footer top_label'> <input type='submit' id='gform_submit_button_1' class='gform_button button' value='Submit'  onclick='if(window[\"gf_submitting_1\"]){return false;}  window[\"gf_submitting_1\"]=true;  ' onkeypress='if( event.keyCode == 13 ){ if(window[\"gf_submitting_1\"]){return false;} window[\"gf_submitting_1\"]=true;  jQuery(\"#gform_1\").trigger(\"submit\",[true]); }' \/> <input type='hidden' name='gform_ajax' value='form_id=1&amp;title=1&amp;description=&amp;tabindex=0' \/>\n            <input type='hidden' class='gform_hidden' name='is_submit_1' value='1' \/>\n            <input type='hidden' class='gform_hidden' name='gform_submit' value='1' \/>\n            \n            <input type='hidden' class='gform_hidden' name='gform_unique_id' value='' \/>\n            <input type='hidden' class='gform_hidden' name='state_1' value='WyJbXSIsImMzM2Q3MDQ1MTVlMDE3N2VlOTU1YzQzN2Y1ZDQ4NGYzIl0=' \/>\n            <input type='hidden' class='gform_hidden' name='gform_target_page_number_1' id='gform_target_page_number_1' value='0' \/>\n            <input type='hidden' class='gform_hidden' name='gform_source_page_number_1' id='gform_source_page_number_1' value='1' \/>\n            <input type='hidden' name='gform_field_values' value='' \/>\n            \n        <\/div>\n                        <\/form>\n                        <\/div>\n                <iframe style='display:none;width:0px;height:0px;' src='about:blank' name='gform_ajax_frame_1' id='gform_ajax_frame_1' title='Cette iframe contient la logique n\u00e9cessaire pour manipuler Gravity Forms avec AJAX'><\/iframe>\n                <script type='text\/javascript'>jQuery(document).ready(function($){gformInitSpinner( 1, 'https:\/\/www.permapipe.com\/wp-content\/plugins\/gravityforms\/images\/spinner.gif' );jQuery('#gform_ajax_frame_1').on('load',function(){var contents = jQuery(this).contents().find('*').html();var is_postback = contents.indexOf('GF_AJAX_POSTBACK') >= 0;if(!is_postback){return;}var form_content = jQuery(this).contents().find('#gform_wrapper_1');var is_confirmation = jQuery(this).contents().find('#gform_confirmation_wrapper_1').length > 0;var is_redirect = contents.indexOf('gformRedirect(){') >= 0;var is_form = form_content.length > 0 && ! is_redirect && ! is_confirmation;var mt = parseInt(jQuery('html').css('margin-top'), 10) + parseInt(jQuery('body').css('margin-top'), 10) + 100;if(is_form){jQuery('#gform_wrapper_1').html(form_content.html());if(form_content.hasClass('gform_validation_error')){jQuery('#gform_wrapper_1').addClass('gform_validation_error');} else {jQuery('#gform_wrapper_1').removeClass('gform_validation_error');}setTimeout( function() { \/* delay the scroll by 50 milliseconds to fix a bug in chrome *\/ jQuery(document).scrollTop(jQuery('#gform_wrapper_1').offset().top - mt); }, 50 );if(window['gformInitDatepicker']) {gformInitDatepicker();}if(window['gformInitPriceFields']) {gformInitPriceFields();}var current_page = jQuery('#gform_source_page_number_1').val();gformInitSpinner( 1, 'https:\/\/www.permapipe.com\/wp-content\/plugins\/gravityforms\/images\/spinner.gif' );jQuery(document).trigger('gform_page_loaded', [1, current_page]);window['gf_submitting_1'] = false;}else if(!is_redirect){var confirmation_content = jQuery(this).contents().find('.GF_AJAX_POSTBACK').html();if(!confirmation_content){confirmation_content = contents;}setTimeout(function(){jQuery('#gform_wrapper_1').replaceWith(confirmation_content);jQuery(document).scrollTop(jQuery('#gf_1').offset().top - mt);jQuery(document).trigger('gform_confirmation_loaded', [1]);window['gf_submitting_1'] = false;}, 50);}else{jQuery('#gform_1').append(contents);if(window['gformRedirect']) {gformRedirect();}}jQuery(document).trigger('gform_post_render', [1, current_page]);} );} );<\/script><script type='text\/javascript'> jQuery(document).bind('gform_post_render', function(event, formId, currentPage){if(formId == 1) {if(typeof Placeholders != 'undefined'){\n                        Placeholders.enable();\n                    }} } );jQuery(document).bind('gform_post_conditional_logic', function(event, formId, fields, isInit){} );<\/script><script type='text\/javascript'> jQuery(document).ready(function(){jQuery(document).trigger('gform_post_render', [1, 1]) } ); <\/script>\n\t\t\t\t\t\t<\/div>\n\t\t\t\t<\/div>\n\t\t\t\t\t<\/div>\n\t\t<\/div>\n\t\t\t\t\t\t\t<\/div>\n\t\t<\/section>\n\t\t\t\t\t<\/div>\n\t\t<\/div>\n\t\t\t\t\t\t\t<\/div>\n\t\t<\/section>\n\t\t\t\t\t\t\t<\/div>\n\t\t","protected":false},"excerpt":{"rendered":"<p>Demandez \u00e0 un sp\u00e9cialiste de PERMA-PIPE Nous sommes l\u00e0 pour vous venir en aide dans le cadre de vos projets actuels et \u00e0 venir. Veuillez utiliser le formulaire ci-dessous ou nous envoyer un courriel directement au\u00a0: support@permapipeconstructionequipment.online, et un de nos sp\u00e9cialistes prendra contact avec vous. Nous vous remercions de l\u2019int\u00e9r\u00eat que vous portez \u00e0 [&hellip;]<\/p>\n","protected":false},"author":1,"featured_media":11967,"parent":0,"menu_order":0,"comment_status":"closed","ping_status":"closed","template":"","meta":[],"yoast_head":"<!-- This site is optimized with the Yoast SEO Premium plugin v20.1 (Yoast SEO v20.1) - https:\/\/yoast.com\/wordpress\/plugins\/seo\/ -->\n<title>Nous contacter | PERMA-PIPE - Global Engineered Pipe Services<\/title>\n<meta name=\"description\" content=\"Nous contacter. Nous serions ravis d\u2019entrer en contact avec vous. Pour trouver nos repr\u00e9sentants commerciaux directs et locaux, veuillez consulter notre site Web \u00e0 permapipe.com.\" \/>\n<meta name=\"robots\" content=\"index, follow, max-snippet:-1, max-image-preview:large, max-video-preview:-1\" \/>\n<link rel=\"canonical\" href=\"https:\/\/www.permapipe.com\/fr\/contacts\/\" \/>\n<meta property=\"og:locale\" content=\"fr_CA\" \/>\n<meta property=\"og:type\" content=\"article\" \/>\n<meta property=\"og:title\" content=\"Contacts\" \/>\n<meta property=\"og:description\" content=\"Nous contacter. Nous serions ravis d\u2019entrer en contact avec vous. Pour trouver nos repr\u00e9sentants commerciaux directs et locaux, veuillez consulter notre site Web \u00e0 permapipe.com.\" \/>\n<meta property=\"og:url\" content=\"https:\/\/www.permapipe.com\/fr\/contacts\/\" \/>\n<meta property=\"og:site_name\" content=\"Global Engineered Pipe Services\" \/>\n<meta property=\"article:modified_time\" content=\"2023-11-29T03:53:19+00:00\" \/>\n<meta property=\"og:image\" content=\"https:\/\/www.permapipe.com\/wp-content\/uploads\/2021\/10\/Contact-bg.jpg\" \/>\n\t<meta property=\"og:image:width\" content=\"1366\" \/>\n\t<meta property=\"og:image:height\" content=\"500\" \/>\n\t<meta property=\"og:image:type\" content=\"image\/jpeg\" \/>\n<meta name=\"twitter:card\" content=\"summary_large_image\" \/>\n<meta name=\"twitter:label1\" content=\"Estimation du temps de lecture\" \/>\n\t<meta name=\"twitter:data1\" content=\"1 minute\" \/>\n<script type=\"application\/ld+json\" class=\"yoast-schema-graph\">{\"@context\":\"https:\/\/schema.org\",\"@graph\":[{\"@type\":\"WebPage\",\"@id\":\"https:\/\/www.permapipe.com\/fr\/contacts\/\",\"url\":\"https:\/\/www.permapipe.com\/fr\/contacts\/\",\"name\":\"Nous contacter | PERMA-PIPE - Global Engineered Pipe Services\",\"isPartOf\":{\"@id\":\"https:\/\/www.permapipe.com\/#website\"},\"datePublished\":\"2021-02-01T23:07:26+00:00\",\"dateModified\":\"2023-11-29T03:53:19+00:00\",\"description\":\"Nous contacter. Nous serions ravis d\u2019entrer en contact avec vous. Pour trouver nos repr\u00e9sentants commerciaux directs et locaux, veuillez consulter notre site Web \u00e0 permapipe.com.\",\"breadcrumb\":{\"@id\":\"https:\/\/www.permapipe.com\/fr\/contacts\/#breadcrumb\"},\"inLanguage\":\"fr-CA\",\"potentialAction\":[{\"@type\":\"ReadAction\",\"target\":[\"https:\/\/www.permapipe.com\/fr\/contacts\/\"]}]},{\"@type\":\"BreadcrumbList\",\"@id\":\"https:\/\/www.permapipe.com\/fr\/contacts\/#breadcrumb\",\"itemListElement\":[{\"@type\":\"ListItem\",\"position\":1,\"name\":\"Home\",\"item\":\"https:\/\/www.permapipe.com\/fr\/page-daccueil\/\"},{\"@type\":\"ListItem\",\"position\":2,\"name\":\"Contacts\"}]},{\"@type\":\"WebSite\",\"@id\":\"https:\/\/www.permapipe.com\/#website\",\"url\":\"https:\/\/www.permapipe.com\/\",\"name\":\"Global Engineered Pipe Services\",\"description\":\"\",\"publisher\":{\"@id\":\"https:\/\/www.permapipe.com\/#organization\"},\"potentialAction\":[{\"@type\":\"SearchAction\",\"target\":{\"@type\":\"EntryPoint\",\"urlTemplate\":\"https:\/\/www.permapipe.com\/?s={search_term_string}\"},\"query-input\":\"required name=search_term_string\"}],\"inLanguage\":\"fr-CA\"},{\"@type\":\"Organization\",\"@id\":\"https:\/\/www.permapipe.com\/#organization\",\"name\":\"PERMA-PIPE\",\"url\":\"https:\/\/www.permapipe.com\/\",\"logo\":{\"@type\":\"ImageObject\",\"inLanguage\":\"fr-CA\",\"@id\":\"https:\/\/www.permapipe.com\/#\/schema\/logo\/image\/\",\"url\":\"http:\/\/www.permapipe.com\/wp-content\/uploads\/2021\/04\/logo.png\",\"contentUrl\":\"http:\/\/www.permapipe.com\/wp-content\/uploads\/2021\/04\/logo.png\",\"width\":1842,\"height\":310,\"caption\":\"PERMA-PIPE\"},\"image\":{\"@id\":\"https:\/\/www.permapipe.com\/#\/schema\/logo\/image\/\"}}]}<\/script>\n<!-- \/ Yoast SEO Premium plugin. -->","yoast_head_json":{"title":"Nous contacter | PERMA-PIPE - Global Engineered Pipe Services","description":"Nous contacter. Nous serions ravis d\u2019entrer en contact avec vous. Pour trouver nos repr\u00e9sentants commerciaux directs et locaux, veuillez consulter notre site Web \u00e0 permapipe.com.","robots":{"index":"index","follow":"follow","max-snippet":"max-snippet:-1","max-image-preview":"max-image-preview:large","max-video-preview":"max-video-preview:-1"},"canonical":"https:\/\/www.permapipe.com\/fr\/contacts\/","og_locale":"fr_CA","og_type":"article","og_title":"Contacts","og_description":"Nous contacter. Nous serions ravis d\u2019entrer en contact avec vous. Pour trouver nos repr\u00e9sentants commerciaux directs et locaux, veuillez consulter notre site Web \u00e0 permapipe.com.","og_url":"https:\/\/www.permapipe.com\/fr\/contacts\/","og_site_name":"Global Engineered Pipe Services","article_modified_time":"2023-11-29T03:53:19+00:00","og_image":[{"width":1366,"height":500,"url":"https:\/\/www.permapipe.com\/wp-content\/uploads\/2021\/10\/Contact-bg.jpg","type":"image\/jpeg"}],"twitter_card":"summary_large_image","twitter_misc":{"Estimation du temps de lecture":"1 minute"},"schema":{"@context":"https:\/\/schema.org","@graph":[{"@type":"WebPage","@id":"https:\/\/www.permapipe.com\/fr\/contacts\/","url":"https:\/\/www.permapipe.com\/fr\/contacts\/","name":"Nous contacter | PERMA-PIPE - Global Engineered Pipe Services","isPartOf":{"@id":"https:\/\/www.permapipe.com\/#website"},"datePublished":"2021-02-01T23:07:26+00:00","dateModified":"2023-11-29T03:53:19+00:00","description":"Nous contacter. Nous serions ravis d\u2019entrer en contact avec vous. Pour trouver nos repr\u00e9sentants commerciaux directs et locaux, veuillez consulter notre site Web \u00e0 permapipe.com.","breadcrumb":{"@id":"https:\/\/www.permapipe.com\/fr\/contacts\/#breadcrumb"},"inLanguage":"fr-CA","potentialAction":[{"@type":"ReadAction","target":["https:\/\/www.permapipe.com\/fr\/contacts\/"]}]},{"@type":"BreadcrumbList","@id":"https:\/\/www.permapipe.com\/fr\/contacts\/#breadcrumb","itemListElement":[{"@type":"ListItem","position":1,"name":"Home","item":"https:\/\/www.permapipe.com\/fr\/page-daccueil\/"},{"@type":"ListItem","position":2,"name":"Contacts"}]},{"@type":"WebSite","@id":"https:\/\/www.permapipe.com\/#website","url":"https:\/\/www.permapipe.com\/","name":"Global Engineered Pipe Services","description":"","publisher":{"@id":"https:\/\/www.permapipe.com\/#organization"},"potentialAction":[{"@type":"SearchAction","target":{"@type":"EntryPoint","urlTemplate":"https:\/\/www.permapipe.com\/?s={search_term_string}"},"query-input":"required name=search_term_string"}],"inLanguage":"fr-CA"},{"@type":"Organization","@id":"https:\/\/www.permapipe.com\/#organization","name":"PERMA-PIPE","url":"https:\/\/www.permapipe.com\/","logo":{"@type":"ImageObject","inLanguage":"fr-CA","@id":"https:\/\/www.permapipe.com\/#\/schema\/logo\/image\/","url":"http:\/\/www.permapipe.com\/wp-content\/uploads\/2021\/04\/logo.png","contentUrl":"http:\/\/www.permapipe.com\/wp-content\/uploads\/2021\/04\/logo.png","width":1842,"height":310,"caption":"PERMA-PIPE"},"image":{"@id":"https:\/\/www.permapipe.com\/#\/schema\/logo\/image\/"}}]}},"_links":{"self":[{"href":"https:\/\/www.permapipe.com\/fr\/wp-json\/wp\/v2\/pages\/11959"}],"collection":[{"href":"https:\/\/www.permapipe.com\/fr\/wp-json\/wp\/v2\/pages"}],"about":[{"href":"https:\/\/www.permapipe.com\/fr\/wp-json\/wp\/v2\/types\/page"}],"author":[{"embeddable":true,"href":"https:\/\/www.permapipe.com\/fr\/wp-json\/wp\/v2\/users\/1"}],"replies":[{"embeddable":true,"href":"https:\/\/www.permapipe.com\/fr\/wp-json\/wp\/v2\/comments?post=11959"}],"version-history":[{"count":1,"href":"https:\/\/www.permapipe.com\/fr\/wp-json\/wp\/v2\/pages\/11959\/revisions"}],"predecessor-version":[{"id":11968,"href":"https:\/\/www.permapipe.com\/fr\/wp-json\/wp\/v2\/pages\/11959\/revisions\/11968"}],"wp:featuredmedia":[{"embeddable":true,"href":"https:\/\/www.permapipe.com\/fr\/wp-json\/wp\/v2\/media\/11967"}],"wp:attachment":[{"href":"https:\/\/www.permapipe.com\/fr\/wp-json\/wp\/v2\/media?parent=11959"}],"curies":[{"name":"wp","href":"https:\/\/api.w.org\/{rel}","templated":true}]}}