{"id":12042,"date":"2021-04-02T15:06:55","date_gmt":"2021-04-02T20:06:55","guid":{"rendered":"https:\/\/www.permapipe.com\/fab-coat-ancien\/"},"modified":"2023-11-28T21:53:57","modified_gmt":"2023-11-29T03:53:57","slug":"fab-coat-ancien","status":"publish","type":"page","link":"https:\/\/www.permapipe.com\/fr\/fab-coat-ancien\/","title":{"rendered":"FAB-COAT (ANCIEN)"},"content":{"rendered":"\t\t<div data-elementor-type=\"wp-page\" data-elementor-id=\"12042\" class=\"elementor elementor-12042 elementor-2767\" data-elementor-post-type=\"page\">\n\t\t\t\t\t\t\t\t\t<section class=\"elementor-section elementor-top-section elementor-element elementor-element-69aa53e elementor-section-stretched elementor-section-boxed elementor-section-height-default elementor-section-height-default\" data-id=\"69aa53e\" data-element_type=\"section\" data-settings=\"{&quot;stretch_section&quot;:&quot;section-stretched&quot;}\">\n\t\t\t\t\t\t<div class=\"elementor-container elementor-column-gap-default\">\n\t\t\t\t\t<div class=\"elementor-column elementor-col-100 elementor-top-column elementor-element elementor-element-306fce6\" data-id=\"306fce6\" data-element_type=\"column\">\n\t\t\t<div class=\"elementor-widget-wrap elementor-element-populated\">\n\t\t\t\t\t\t\t\t<div class=\"elementor-element elementor-element-bc85ffc elementor-widget__width-auto elementor-widget elementor-widget-heading\" data-id=\"bc85ffc\" data-element_type=\"widget\" data-widget_type=\"heading.default\">\n\t\t\t\t<div class=\"elementor-widget-container\">\n\t\t\t<h3 class=\"elementor-heading-title elementor-size-xxl\">FAB-COAT<\/h3>\t\t<\/div>\n\t\t\t\t<\/div>\n\t\t\t\t<div class=\"elementor-element elementor-element-6e5d58b elementor-widget elementor-widget-text-editor\" data-id=\"6e5d58b\" data-element_type=\"widget\" data-widget_type=\"text-editor.default\">\n\t\t\t\t<div class=\"elementor-widget-container\">\n\t\t\t\t\t\t\t<p>Rev\u00eatements sur mesure<\/p>\n\t\t\t\t\t\t<\/div>\n\t\t\t\t<\/div>\n\t\t\t\t<section class=\"elementor-section elementor-inner-section elementor-element elementor-element-475bc69 elementor-section-full_width elementor-section-height-default elementor-section-height-default\" data-id=\"475bc69\" data-element_type=\"section\">\n\t\t\t\t\t\t<div class=\"elementor-container elementor-column-gap-wider\">\n\t\t\t\t\t<div class=\"elementor-column elementor-col-50 elementor-inner-column elementor-element elementor-element-71ccd3a\" data-id=\"71ccd3a\" data-element_type=\"column\">\n\t\t\t<div class=\"elementor-widget-wrap elementor-element-populated\">\n\t\t\t\t\t\t\t\t<div class=\"elementor-element elementor-element-88cd860 elementor-widget elementor-widget-image\" data-id=\"88cd860\" data-element_type=\"widget\" data-widget_type=\"image.default\">\n\t\t\t\t<div class=\"elementor-widget-container\">\n\t\t\t\t\t\t\t\t\t\t\t\t\t\t\t<img width=\"828\" height=\"1080\" src=\"https:\/\/www.permapipe.com\/wp-content\/uploads\/2021\/06\/website-photo-2.jpg\" class=\"attachment-full size-full wp-image-6073\" alt=\"\" loading=\"lazy\" srcset=\"https:\/\/www.permapipe.com\/wp-content\/uploads\/2021\/06\/website-photo-2.jpg 828w, https:\/\/www.permapipe.com\/wp-content\/uploads\/2021\/06\/website-photo-2-230x300.jpg 230w, https:\/\/www.permapipe.com\/wp-content\/uploads\/2021\/06\/website-photo-2-785x1024.jpg 785w, https:\/\/www.permapipe.com\/wp-content\/uploads\/2021\/06\/website-photo-2-768x1002.jpg 768w\" sizes=\"(max-width: 828px) 100vw, 828px\" \/>\t\t\t\t\t\t\t\t\t\t\t\t\t\t\t<\/div>\n\t\t\t\t<\/div>\n\t\t\t\t\t<\/div>\n\t\t<\/div>\n\t\t\t\t<div class=\"elementor-column elementor-col-50 elementor-inner-column elementor-element elementor-element-e07442e\" data-id=\"e07442e\" data-element_type=\"column\">\n\t\t\t<div class=\"elementor-widget-wrap elementor-element-populated\">\n\t\t\t\t\t\t\t\t<div class=\"elementor-element elementor-element-1c0b1d4 elementor-widget elementor-widget-text-editor\" data-id=\"1c0b1d4\" data-element_type=\"widget\" data-widget_type=\"text-editor.default\">\n\t\t\t\t<div class=\"elementor-widget-container\">\n\t\t\t\t\t\t\t<p>PERMA-PIPE propose des rev\u00eatements sur mesure FAB-COAT\u2122 de haute qualit\u00e9 pour r\u00e9pondre aux besoins sp\u00e9cifiques de votre projet dans de nombreuses formes et tailles diff\u00e9rentes comme des cuves, des bobines de tuyaux pr\u00e9fabriqu\u00e9s, des vannes, des patins, des raccords et des panneaux en aluminium.<\/p>\n<p>FAB-COAT est rentable pour les surfaces externes et internes et est disponible dans les m\u00e9thodes d\u2019application de rev\u00eatement en poudre ou liquide pour maintenir l\u2019int\u00e9grit\u00e9 globale et la long\u00e9vit\u00e9 des syst\u00e8mes de tuyauterie.<\/p>\n<p>Pour prot\u00e9ger des syst\u00e8mes de tuyauterie contre la corrosion et prolonger leur dur\u00e9e de vie, FAB-COAT est votre solution de rev\u00eatement sur mesure\u00a0:<\/p>\n<ul>\n<li>Surfaces int\u00e9rieures et ext\u00e9rieures<\/li>\n<li>Rev\u00eatements thermodurcissables ou thermoplastiques<\/li>\n<li>R\u00e9sistance \u00e0 la corrosion et \u00e0 l\u2019\u00e9rosion<\/li>\n<li>Fini brillant, lisse ou rugueux<\/li>\n<li>Rev\u00eatements terrestres ou maritimes<\/li>\n<li>Tr\u00e8s r\u00e9sistant<\/li>\n<li>Entretien \u00e0 faible co\u00fbt<\/li>\n<\/ul>\n\t\t\t\t\t\t<\/div>\n\t\t\t\t<\/div>\n\t\t\t\t<div class=\"elementor-element elementor-element-9859d56 elementor-widget__width-inherit elementor-widget elementor-widget-button\" data-id=\"9859d56\" data-element_type=\"widget\" data-widget_type=\"button.default\">\n\t\t\t\t<div class=\"elementor-widget-container\">\n\t\t\t\t\t<div class=\"elementor-button-wrapper\">\n\t\t\t<a class=\"elementor-button elementor-button-link elementor-size-sm\" href=\"https:\/\/www.permapipe.com\/quote\/\">\n\t\t\t\t\t\t<span class=\"elementor-button-content-wrapper\">\n\t\t\t\t\t\t<span class=\"elementor-button-text\">Obtenir un devis<\/span>\n\t\t<\/span>\n\t\t\t\t\t<\/a>\n\t\t<\/div>\n\t\t\t\t<\/div>\n\t\t\t\t<\/div>\n\t\t\t\t<div class=\"elementor-element elementor-element-9961879 elementor-widget elementor-widget-miyn-custom-video-popup-widget\" data-id=\"9961879\" data-element_type=\"widget\" data-widget_type=\"miyn-custom-video-popup-widget.default\">\n\t\t\t\t<div class=\"elementor-widget-container\">\n\t\t\t        <div class=\"video-button\">\n            <a class=\"\" href=\"https:\/\/www.permapipe.com\/wp-content\/uploads\/2021\/10\/FAB-COAT-Brochure-Master.pdf\" >\n                <div class=\"video-button-icon custom-button-link\">\n                    <img src=\"http:\/\/www.permapipe.com\/wp-content\/uploads\/2021\/03\/paper-1-1.svg\" alt=\"button-icon\"\/>                <\/div>\n                <div class=\"video-button-label\">Product Brochure<\/div>            <\/a>\n        <\/div>\n        \t\t<\/div>\n\t\t\t\t<\/div>\n\t\t\t\t\t<\/div>\n\t\t<\/div>\n\t\t\t\t\t\t\t<\/div>\n\t\t<\/section>\n\t\t\t\t\t<\/div>\n\t\t<\/div>\n\t\t\t\t\t\t\t<\/div>\n\t\t<\/section>\n\t\t\t\t\t\t\t<\/div>\n\t\t","protected":false},"excerpt":{"rendered":"<p>FAB-COAT Rev\u00eatements sur mesure PERMA-PIPE propose des rev\u00eatements sur mesure FAB-COAT&#x2122; de haute qualit\u00e9 pour r\u00e9pondre aux besoins sp\u00e9cifiques de votre projet dans de nombreuses formes et tailles diff\u00e9rentes comme des cuves, des bobines de tuyaux pr\u00e9fabriqu\u00e9s, des vannes, des patins, des raccords et des panneaux en aluminium. FAB-COAT est rentable pour les surfaces externes [&hellip;]<\/p>\n","protected":false},"author":1,"featured_media":0,"parent":0,"menu_order":0,"comment_status":"closed","ping_status":"closed","template":"","meta":[],"yoast_head":"<!-- This site is optimized with the Yoast SEO Premium plugin v20.1 (Yoast SEO v20.1) - https:\/\/yoast.com\/wordpress\/plugins\/seo\/ -->\n<title>FAB-COAT (ANCIEN) - Global Engineered Pipe Services<\/title>\n<meta name=\"robots\" content=\"index, follow, max-snippet:-1, max-image-preview:large, max-video-preview:-1\" \/>\n<link rel=\"canonical\" href=\"https:\/\/www.permapipe.com\/fr\/fab-coat-ancien\/\" \/>\n<meta property=\"og:locale\" content=\"fr_CA\" \/>\n<meta property=\"og:type\" content=\"article\" \/>\n<meta property=\"og:title\" content=\"FAB-COAT (ANCIEN)\" \/>\n<meta property=\"og:description\" content=\"FAB-COAT Rev\u00eatements sur mesure PERMA-PIPE propose des rev\u00eatements sur mesure FAB-COAT&#x2122; de haute qualit\u00e9 pour r\u00e9pondre aux besoins sp\u00e9cifiques de votre projet dans de nombreuses formes et tailles diff\u00e9rentes comme des cuves, des bobines de tuyaux pr\u00e9fabriqu\u00e9s, des vannes, des patins, des raccords et des panneaux en aluminium. FAB-COAT est rentable pour les surfaces externes [&hellip;]\" \/>\n<meta property=\"og:url\" content=\"https:\/\/www.permapipe.com\/fr\/fab-coat-ancien\/\" \/>\n<meta property=\"og:site_name\" content=\"Global Engineered Pipe Services\" \/>\n<meta property=\"article:modified_time\" content=\"2023-11-29T03:53:57+00:00\" \/>\n<meta property=\"og:image\" content=\"https:\/\/www.permapipe.com\/wp-content\/uploads\/2021\/06\/website-photo-2.jpg\" \/>\n<meta name=\"twitter:card\" content=\"summary_large_image\" \/>\n<meta name=\"twitter:label1\" content=\"Estimation du temps de lecture\" \/>\n\t<meta name=\"twitter:data1\" content=\"1 minute\" \/>\n<script type=\"application\/ld+json\" class=\"yoast-schema-graph\">{\"@context\":\"https:\/\/schema.org\",\"@graph\":[{\"@type\":\"WebPage\",\"@id\":\"https:\/\/www.permapipe.com\/fr\/fab-coat-ancien\/\",\"url\":\"https:\/\/www.permapipe.com\/fr\/fab-coat-ancien\/\",\"name\":\"FAB-COAT (ANCIEN) - Global Engineered Pipe Services\",\"isPartOf\":{\"@id\":\"https:\/\/www.permapipe.com\/#website\"},\"datePublished\":\"2021-04-02T20:06:55+00:00\",\"dateModified\":\"2023-11-29T03:53:57+00:00\",\"breadcrumb\":{\"@id\":\"https:\/\/www.permapipe.com\/fr\/fab-coat-ancien\/#breadcrumb\"},\"inLanguage\":\"fr-CA\",\"potentialAction\":[{\"@type\":\"ReadAction\",\"target\":[\"https:\/\/www.permapipe.com\/fr\/fab-coat-ancien\/\"]}]},{\"@type\":\"BreadcrumbList\",\"@id\":\"https:\/\/www.permapipe.com\/fr\/fab-coat-ancien\/#breadcrumb\",\"itemListElement\":[{\"@type\":\"ListItem\",\"position\":1,\"name\":\"Home\",\"item\":\"https:\/\/www.permapipe.com\/fr\/page-daccueil\/\"},{\"@type\":\"ListItem\",\"position\":2,\"name\":\"FAB-COAT (ANCIEN)\"}]},{\"@type\":\"WebSite\",\"@id\":\"https:\/\/www.permapipe.com\/#website\",\"url\":\"https:\/\/www.permapipe.com\/\",\"name\":\"Global Engineered Pipe Services\",\"description\":\"\",\"publisher\":{\"@id\":\"https:\/\/www.permapipe.com\/#organization\"},\"potentialAction\":[{\"@type\":\"SearchAction\",\"target\":{\"@type\":\"EntryPoint\",\"urlTemplate\":\"https:\/\/www.permapipe.com\/?s={search_term_string}\"},\"query-input\":\"required name=search_term_string\"}],\"inLanguage\":\"fr-CA\"},{\"@type\":\"Organization\",\"@id\":\"https:\/\/www.permapipe.com\/#organization\",\"name\":\"PERMA-PIPE\",\"url\":\"https:\/\/www.permapipe.com\/\",\"logo\":{\"@type\":\"ImageObject\",\"inLanguage\":\"fr-CA\",\"@id\":\"https:\/\/www.permapipe.com\/#\/schema\/logo\/image\/\",\"url\":\"http:\/\/www.permapipe.com\/wp-content\/uploads\/2021\/04\/logo.png\",\"contentUrl\":\"http:\/\/www.permapipe.com\/wp-content\/uploads\/2021\/04\/logo.png\",\"width\":1842,\"height\":310,\"caption\":\"PERMA-PIPE\"},\"image\":{\"@id\":\"https:\/\/www.permapipe.com\/#\/schema\/logo\/image\/\"}}]}<\/script>\n<!-- \/ Yoast SEO Premium plugin. -->","yoast_head_json":{"title":"FAB-COAT (ANCIEN) - Global Engineered Pipe Services","robots":{"index":"index","follow":"follow","max-snippet":"max-snippet:-1","max-image-preview":"max-image-preview:large","max-video-preview":"max-video-preview:-1"},"canonical":"https:\/\/www.permapipe.com\/fr\/fab-coat-ancien\/","og_locale":"fr_CA","og_type":"article","og_title":"FAB-COAT (ANCIEN)","og_description":"FAB-COAT Rev\u00eatements sur mesure PERMA-PIPE propose des rev\u00eatements sur mesure FAB-COAT&#x2122; de haute qualit\u00e9 pour r\u00e9pondre aux besoins sp\u00e9cifiques de votre projet dans de nombreuses formes et tailles diff\u00e9rentes comme des cuves, des bobines de tuyaux pr\u00e9fabriqu\u00e9s, des vannes, des patins, des raccords et des panneaux en aluminium. FAB-COAT est rentable pour les surfaces externes [&hellip;]","og_url":"https:\/\/www.permapipe.com\/fr\/fab-coat-ancien\/","og_site_name":"Global Engineered Pipe Services","article_modified_time":"2023-11-29T03:53:57+00:00","og_image":[{"url":"https:\/\/www.permapipe.com\/wp-content\/uploads\/2021\/06\/website-photo-2.jpg"}],"twitter_card":"summary_large_image","twitter_misc":{"Estimation du temps de lecture":"1 minute"},"schema":{"@context":"https:\/\/schema.org","@graph":[{"@type":"WebPage","@id":"https:\/\/www.permapipe.com\/fr\/fab-coat-ancien\/","url":"https:\/\/www.permapipe.com\/fr\/fab-coat-ancien\/","name":"FAB-COAT (ANCIEN) - Global Engineered Pipe Services","isPartOf":{"@id":"https:\/\/www.permapipe.com\/#website"},"datePublished":"2021-04-02T20:06:55+00:00","dateModified":"2023-11-29T03:53:57+00:00","breadcrumb":{"@id":"https:\/\/www.permapipe.com\/fr\/fab-coat-ancien\/#breadcrumb"},"inLanguage":"fr-CA","potentialAction":[{"@type":"ReadAction","target":["https:\/\/www.permapipe.com\/fr\/fab-coat-ancien\/"]}]},{"@type":"BreadcrumbList","@id":"https:\/\/www.permapipe.com\/fr\/fab-coat-ancien\/#breadcrumb","itemListElement":[{"@type":"ListItem","position":1,"name":"Home","item":"https:\/\/www.permapipe.com\/fr\/page-daccueil\/"},{"@type":"ListItem","position":2,"name":"FAB-COAT (ANCIEN)"}]},{"@type":"WebSite","@id":"https:\/\/www.permapipe.com\/#website","url":"https:\/\/www.permapipe.com\/","name":"Global Engineered Pipe Services","description":"","publisher":{"@id":"https:\/\/www.permapipe.com\/#organization"},"potentialAction":[{"@type":"SearchAction","target":{"@type":"EntryPoint","urlTemplate":"https:\/\/www.permapipe.com\/?s={search_term_string}"},"query-input":"required name=search_term_string"}],"inLanguage":"fr-CA"},{"@type":"Organization","@id":"https:\/\/www.permapipe.com\/#organization","name":"PERMA-PIPE","url":"https:\/\/www.permapipe.com\/","logo":{"@type":"ImageObject","inLanguage":"fr-CA","@id":"https:\/\/www.permapipe.com\/#\/schema\/logo\/image\/","url":"http:\/\/www.permapipe.com\/wp-content\/uploads\/2021\/04\/logo.png","contentUrl":"http:\/\/www.permapipe.com\/wp-content\/uploads\/2021\/04\/logo.png","width":1842,"height":310,"caption":"PERMA-PIPE"},"image":{"@id":"https:\/\/www.permapipe.com\/#\/schema\/logo\/image\/"}}]}},"_links":{"self":[{"href":"https:\/\/www.permapipe.com\/fr\/wp-json\/wp\/v2\/pages\/12042"}],"collection":[{"href":"https:\/\/www.permapipe.com\/fr\/wp-json\/wp\/v2\/pages"}],"about":[{"href":"https:\/\/www.permapipe.com\/fr\/wp-json\/wp\/v2\/types\/page"}],"author":[{"embeddable":true,"href":"https:\/\/www.permapipe.com\/fr\/wp-json\/wp\/v2\/users\/1"}],"replies":[{"embeddable":true,"href":"https:\/\/www.permapipe.com\/fr\/wp-json\/wp\/v2\/comments?post=12042"}],"version-history":[{"count":1,"href":"https:\/\/www.permapipe.com\/fr\/wp-json\/wp\/v2\/pages\/12042\/revisions"}],"predecessor-version":[{"id":12073,"href":"https:\/\/www.permapipe.com\/fr\/wp-json\/wp\/v2\/pages\/12042\/revisions\/12073"}],"wp:attachment":[{"href":"https:\/\/www.permapipe.com\/fr\/wp-json\/wp\/v2\/media?parent=12042"}],"curies":[{"name":"wp","href":"https:\/\/api.w.org\/{rel}","templated":true}]}}