{"id":12048,"date":"2021-02-05T17:04:32","date_gmt":"2021-02-05T23:04:32","guid":{"rendered":"https:\/\/www.permapipe.com\/evenements\/"},"modified":"2023-11-28T21:53:56","modified_gmt":"2023-11-29T03:53:56","slug":"evenements","status":"publish","type":"page","link":"https:\/\/www.permapipe.com\/fr\/evenements\/","title":{"rendered":"\u00c9v\u00e9nements"},"content":{"rendered":"\t\t<div data-elementor-type=\"wp-page\" data-elementor-id=\"12048\" class=\"elementor elementor-12048 elementor-91\" data-elementor-post-type=\"page\">\n\t\t\t\t\t\t\t\t\t<section class=\"elementor-section elementor-top-section elementor-element elementor-element-2a57c1b elementor-section-stretched elementor-section-boxed elementor-section-height-default elementor-section-height-default\" data-id=\"2a57c1b\" data-element_type=\"section\" data-settings=\"{&quot;stretch_section&quot;:&quot;section-stretched&quot;,&quot;background_background&quot;:&quot;classic&quot;}\">\n\t\t\t\t\t\t<div class=\"elementor-container elementor-column-gap-default\">\n\t\t\t\t\t<div class=\"elementor-column elementor-col-100 elementor-top-column elementor-element elementor-element-626c1fd\" data-id=\"626c1fd\" data-element_type=\"column\">\n\t\t\t<div class=\"elementor-widget-wrap elementor-element-populated\">\n\t\t\t\t\t\t\t\t<section class=\"elementor-section elementor-inner-section elementor-element elementor-element-1c1e98a elementor-section-boxed elementor-section-height-default elementor-section-height-default\" data-id=\"1c1e98a\" data-element_type=\"section\">\n\t\t\t\t\t\t<div class=\"elementor-container elementor-column-gap-default\">\n\t\t\t\t\t<div class=\"elementor-column elementor-col-100 elementor-inner-column elementor-element elementor-element-7955d80\" data-id=\"7955d80\" data-element_type=\"column\">\n\t\t\t<div class=\"elementor-widget-wrap elementor-element-populated\">\n\t\t\t\t\t\t\t\t<div class=\"elementor-element elementor-element-cce864e elementor-widget elementor-widget-heading\" data-id=\"cce864e\" data-element_type=\"widget\" data-widget_type=\"heading.default\">\n\t\t\t\t<div class=\"elementor-widget-container\">\n\t\t\t<h2 class=\"elementor-heading-title elementor-size-default\">\u00c9V\u00c9NEMENTS \u00c0 VENIR<\/h2>\t\t<\/div>\n\t\t\t\t<\/div>\n\t\t\t\t\t<\/div>\n\t\t<\/div>\n\t\t\t\t\t\t\t<\/div>\n\t\t<\/section>\n\t\t\t\t\t<\/div>\n\t\t<\/div>\n\t\t\t\t\t\t\t<\/div>\n\t\t<\/section>\n\t\t\t\t<section class=\"elementor-section elementor-top-section elementor-element elementor-element-9b64cea elementor-section-boxed elementor-section-height-default elementor-section-height-default\" data-id=\"9b64cea\" data-element_type=\"section\">\n\t\t\t\t\t\t<div class=\"elementor-container elementor-column-gap-default\">\n\t\t\t\t\t<div class=\"elementor-column elementor-col-100 elementor-top-column elementor-element elementor-element-13d92c3\" data-id=\"13d92c3\" data-element_type=\"column\">\n\t\t\t<div class=\"elementor-widget-wrap elementor-element-populated\">\n\t\t\t\t\t\t\t\t<section class=\"elementor-section elementor-inner-section elementor-element elementor-element-e2614d7 elementor-section-boxed elementor-section-height-default elementor-section-height-default\" data-id=\"e2614d7\" data-element_type=\"section\">\n\t\t\t\t\t\t<div class=\"elementor-container elementor-column-gap-default\">\n\t\t\t\t\t<div class=\"elementor-column elementor-col-100 elementor-inner-column elementor-element elementor-element-858051a\" data-id=\"858051a\" data-element_type=\"column\">\n\t\t\t<div class=\"elementor-widget-wrap elementor-element-populated\">\n\t\t\t\t\t\t\t\t\t<\/div>\n\t\t<\/div>\n\t\t\t\t\t\t\t<\/div>\n\t\t<\/section>\n\t\t\t\t<section class=\"elementor-section elementor-inner-section elementor-element elementor-element-e0c0561 elementor-section-boxed elementor-section-height-default elementor-section-height-default\" data-id=\"e0c0561\" data-element_type=\"section\">\n\t\t\t\t\t\t<div class=\"elementor-container elementor-column-gap-default\">\n\t\t\t\t\t<div class=\"elementor-column elementor-col-25 elementor-inner-column elementor-element elementor-element-6e109ad\" data-id=\"6e109ad\" data-element_type=\"column\">\n\t\t\t<div class=\"elementor-widget-wrap elementor-element-populated\">\n\t\t\t\t\t\t\t\t<div class=\"elementor-element elementor-element-30748d7 elementor-widget elementor-widget-text-editor\" data-id=\"30748d7\" data-element_type=\"widget\" data-widget_type=\"text-editor.default\">\n\t\t\t\t<div class=\"elementor-widget-container\">\n\t\t\t\t\t\t\t\t\t\t\t\t\t<\/div>\n\t\t\t\t<\/div>\n\t\t\t\t\t<\/div>\n\t\t<\/div>\n\t\t\t\t<div class=\"elementor-column elementor-col-25 elementor-inner-column elementor-element elementor-element-59d6a60\" data-id=\"59d6a60\" data-element_type=\"column\">\n\t\t\t<div class=\"elementor-widget-wrap elementor-element-populated\">\n\t\t\t\t\t\t\t\t<div class=\"elementor-element elementor-element-55ea3e7 elementor-widget elementor-widget-text-editor\" data-id=\"55ea3e7\" data-element_type=\"widget\" data-widget_type=\"text-editor.default\">\n\t\t\t\t<div class=\"elementor-widget-container\">\n\t\t\t\t\t\t\t\t\t\t\t\t\t<\/div>\n\t\t\t\t<\/div>\n\t\t\t\t\t<\/div>\n\t\t<\/div>\n\t\t\t\t<div class=\"elementor-column elementor-col-25 elementor-inner-column elementor-element elementor-element-e24239d\" data-id=\"e24239d\" data-element_type=\"column\">\n\t\t\t<div class=\"elementor-widget-wrap elementor-element-populated\">\n\t\t\t\t\t\t\t\t<div class=\"elementor-element elementor-element-2287cf2 elementor-widget elementor-widget-text-editor\" data-id=\"2287cf2\" data-element_type=\"widget\" data-widget_type=\"text-editor.default\">\n\t\t\t\t<div class=\"elementor-widget-container\">\n\t\t\t\t\t\t\t\t\t\t\t\t\t<\/div>\n\t\t\t\t<\/div>\n\t\t\t\t\t<\/div>\n\t\t<\/div>\n\t\t\t\t<div class=\"elementor-column elementor-col-25 elementor-inner-column elementor-element elementor-element-84463c8\" data-id=\"84463c8\" data-element_type=\"column\">\n\t\t\t<div class=\"elementor-widget-wrap elementor-element-populated\">\n\t\t\t\t\t\t\t\t<div class=\"elementor-element elementor-element-f78d26a elementor-widget elementor-widget-text-editor\" data-id=\"f78d26a\" data-element_type=\"widget\" data-widget_type=\"text-editor.default\">\n\t\t\t\t<div class=\"elementor-widget-container\">\n\t\t\t\t\t\t\t\t\t\t\t\t\t<\/div>\n\t\t\t\t<\/div>\n\t\t\t\t\t<\/div>\n\t\t<\/div>\n\t\t\t\t\t\t\t<\/div>\n\t\t<\/section>\n\t\t\t\t\t<\/div>\n\t\t<\/div>\n\t\t\t\t\t\t\t<\/div>\n\t\t<\/section>\n\t\t\t\t\t\t\t<\/div>\n\t\t","protected":false},"excerpt":{"rendered":"<p>\u00c9V\u00c9NEMENTS \u00c0 VENIR<\/p>\n","protected":false},"author":1,"featured_media":0,"parent":0,"menu_order":0,"comment_status":"closed","ping_status":"closed","template":"","meta":[],"yoast_head":"<!-- This site is optimized with the Yoast SEO Premium plugin v20.1 (Yoast SEO v20.1) - https:\/\/yoast.com\/wordpress\/plugins\/seo\/ -->\n<title>\u00c9v\u00e9nements - Global Engineered Pipe Services<\/title>\n<meta name=\"robots\" content=\"index, follow, max-snippet:-1, max-image-preview:large, max-video-preview:-1\" \/>\n<link rel=\"canonical\" href=\"https:\/\/www.permapipe.com\/fr\/evenements\/\" \/>\n<meta property=\"og:locale\" content=\"fr_CA\" \/>\n<meta property=\"og:type\" content=\"article\" \/>\n<meta property=\"og:title\" content=\"\u00c9v\u00e9nements\" \/>\n<meta property=\"og:description\" content=\"\u00c9V\u00c9NEMENTS \u00c0 VENIR\" \/>\n<meta property=\"og:url\" content=\"https:\/\/www.permapipe.com\/fr\/evenements\/\" \/>\n<meta property=\"og:site_name\" content=\"Global Engineered Pipe Services\" \/>\n<meta property=\"article:modified_time\" content=\"2023-11-29T03:53:56+00:00\" \/>\n<meta name=\"twitter:card\" content=\"summary_large_image\" \/>\n<script type=\"application\/ld+json\" class=\"yoast-schema-graph\">{\"@context\":\"https:\/\/schema.org\",\"@graph\":[{\"@type\":\"WebPage\",\"@id\":\"https:\/\/www.permapipe.com\/fr\/evenements\/\",\"url\":\"https:\/\/www.permapipe.com\/fr\/evenements\/\",\"name\":\"\u00c9v\u00e9nements - Global Engineered Pipe Services\",\"isPartOf\":{\"@id\":\"https:\/\/www.permapipe.com\/#website\"},\"datePublished\":\"2021-02-05T23:04:32+00:00\",\"dateModified\":\"2023-11-29T03:53:56+00:00\",\"breadcrumb\":{\"@id\":\"https:\/\/www.permapipe.com\/fr\/evenements\/#breadcrumb\"},\"inLanguage\":\"fr-CA\",\"potentialAction\":[{\"@type\":\"ReadAction\",\"target\":[\"https:\/\/www.permapipe.com\/fr\/evenements\/\"]}]},{\"@type\":\"BreadcrumbList\",\"@id\":\"https:\/\/www.permapipe.com\/fr\/evenements\/#breadcrumb\",\"itemListElement\":[{\"@type\":\"ListItem\",\"position\":1,\"name\":\"Home\",\"item\":\"https:\/\/www.permapipe.com\/fr\/page-daccueil\/\"},{\"@type\":\"ListItem\",\"position\":2,\"name\":\"\u00c9v\u00e9nements\"}]},{\"@type\":\"WebSite\",\"@id\":\"https:\/\/www.permapipe.com\/#website\",\"url\":\"https:\/\/www.permapipe.com\/\",\"name\":\"Global Engineered Pipe Services\",\"description\":\"\",\"publisher\":{\"@id\":\"https:\/\/www.permapipe.com\/#organization\"},\"potentialAction\":[{\"@type\":\"SearchAction\",\"target\":{\"@type\":\"EntryPoint\",\"urlTemplate\":\"https:\/\/www.permapipe.com\/?s={search_term_string}\"},\"query-input\":\"required name=search_term_string\"}],\"inLanguage\":\"fr-CA\"},{\"@type\":\"Organization\",\"@id\":\"https:\/\/www.permapipe.com\/#organization\",\"name\":\"PERMA-PIPE\",\"url\":\"https:\/\/www.permapipe.com\/\",\"logo\":{\"@type\":\"ImageObject\",\"inLanguage\":\"fr-CA\",\"@id\":\"https:\/\/www.permapipe.com\/#\/schema\/logo\/image\/\",\"url\":\"http:\/\/www.permapipe.com\/wp-content\/uploads\/2021\/04\/logo.png\",\"contentUrl\":\"http:\/\/www.permapipe.com\/wp-content\/uploads\/2021\/04\/logo.png\",\"width\":1842,\"height\":310,\"caption\":\"PERMA-PIPE\"},\"image\":{\"@id\":\"https:\/\/www.permapipe.com\/#\/schema\/logo\/image\/\"}}]}<\/script>\n<!-- \/ Yoast SEO Premium plugin. -->","yoast_head_json":{"title":"\u00c9v\u00e9nements - Global Engineered Pipe Services","robots":{"index":"index","follow":"follow","max-snippet":"max-snippet:-1","max-image-preview":"max-image-preview:large","max-video-preview":"max-video-preview:-1"},"canonical":"https:\/\/www.permapipe.com\/fr\/evenements\/","og_locale":"fr_CA","og_type":"article","og_title":"\u00c9v\u00e9nements","og_description":"\u00c9V\u00c9NEMENTS \u00c0 VENIR","og_url":"https:\/\/www.permapipe.com\/fr\/evenements\/","og_site_name":"Global Engineered Pipe Services","article_modified_time":"2023-11-29T03:53:56+00:00","twitter_card":"summary_large_image","schema":{"@context":"https:\/\/schema.org","@graph":[{"@type":"WebPage","@id":"https:\/\/www.permapipe.com\/fr\/evenements\/","url":"https:\/\/www.permapipe.com\/fr\/evenements\/","name":"\u00c9v\u00e9nements - Global Engineered Pipe Services","isPartOf":{"@id":"https:\/\/www.permapipe.com\/#website"},"datePublished":"2021-02-05T23:04:32+00:00","dateModified":"2023-11-29T03:53:56+00:00","breadcrumb":{"@id":"https:\/\/www.permapipe.com\/fr\/evenements\/#breadcrumb"},"inLanguage":"fr-CA","potentialAction":[{"@type":"ReadAction","target":["https:\/\/www.permapipe.com\/fr\/evenements\/"]}]},{"@type":"BreadcrumbList","@id":"https:\/\/www.permapipe.com\/fr\/evenements\/#breadcrumb","itemListElement":[{"@type":"ListItem","position":1,"name":"Home","item":"https:\/\/www.permapipe.com\/fr\/page-daccueil\/"},{"@type":"ListItem","position":2,"name":"\u00c9v\u00e9nements"}]},{"@type":"WebSite","@id":"https:\/\/www.permapipe.com\/#website","url":"https:\/\/www.permapipe.com\/","name":"Global Engineered Pipe Services","description":"","publisher":{"@id":"https:\/\/www.permapipe.com\/#organization"},"potentialAction":[{"@type":"SearchAction","target":{"@type":"EntryPoint","urlTemplate":"https:\/\/www.permapipe.com\/?s={search_term_string}"},"query-input":"required name=search_term_string"}],"inLanguage":"fr-CA"},{"@type":"Organization","@id":"https:\/\/www.permapipe.com\/#organization","name":"PERMA-PIPE","url":"https:\/\/www.permapipe.com\/","logo":{"@type":"ImageObject","inLanguage":"fr-CA","@id":"https:\/\/www.permapipe.com\/#\/schema\/logo\/image\/","url":"http:\/\/www.permapipe.com\/wp-content\/uploads\/2021\/04\/logo.png","contentUrl":"http:\/\/www.permapipe.com\/wp-content\/uploads\/2021\/04\/logo.png","width":1842,"height":310,"caption":"PERMA-PIPE"},"image":{"@id":"https:\/\/www.permapipe.com\/#\/schema\/logo\/image\/"}}]}},"_links":{"self":[{"href":"https:\/\/www.permapipe.com\/fr\/wp-json\/wp\/v2\/pages\/12048"}],"collection":[{"href":"https:\/\/www.permapipe.com\/fr\/wp-json\/wp\/v2\/pages"}],"about":[{"href":"https:\/\/www.permapipe.com\/fr\/wp-json\/wp\/v2\/types\/page"}],"author":[{"embeddable":true,"href":"https:\/\/www.permapipe.com\/fr\/wp-json\/wp\/v2\/users\/1"}],"replies":[{"embeddable":true,"href":"https:\/\/www.permapipe.com\/fr\/wp-json\/wp\/v2\/comments?post=12048"}],"version-history":[{"count":1,"href":"https:\/\/www.permapipe.com\/fr\/wp-json\/wp\/v2\/pages\/12048\/revisions"}],"predecessor-version":[{"id":12075,"href":"https:\/\/www.permapipe.com\/fr\/wp-json\/wp\/v2\/pages\/12048\/revisions\/12075"}],"wp:attachment":[{"href":"https:\/\/www.permapipe.com\/fr\/wp-json\/wp\/v2\/media?parent=12048"}],"curies":[{"name":"wp","href":"https:\/\/api.w.org\/{rel}","templated":true}]}}