{"id":12053,"date":"2021-02-17T03:45:07","date_gmt":"2021-02-17T09:45:07","guid":{"rendered":"https:\/\/www.permapipe.com\/nos-valeurs\/"},"modified":"2023-11-28T21:53:52","modified_gmt":"2023-11-29T03:53:52","slug":"nos-valeurs","status":"publish","type":"page","link":"https:\/\/www.permapipe.com\/fr\/a-propos\/nos-valeurs\/","title":{"rendered":"Nos valeurs"},"content":{"rendered":"\t\t<div data-elementor-type=\"wp-page\" data-elementor-id=\"12053\" class=\"elementor elementor-12053 elementor-745\" data-elementor-post-type=\"page\">\n\t\t\t\t\t\t\t\t\t<section class=\"elementor-section elementor-top-section elementor-element elementor-element-69aa53e elementor-section-boxed elementor-section-height-default elementor-section-height-default\" data-id=\"69aa53e\" data-element_type=\"section\">\n\t\t\t\t\t\t<div class=\"elementor-container elementor-column-gap-default\">\n\t\t\t\t\t<div class=\"elementor-column elementor-col-100 elementor-top-column elementor-element elementor-element-306fce6\" data-id=\"306fce6\" data-element_type=\"column\">\n\t\t\t<div class=\"elementor-widget-wrap elementor-element-populated\">\n\t\t\t\t\t\t\t\t<div class=\"elementor-element elementor-element-bc85ffc elementor-widget elementor-widget-heading\" data-id=\"bc85ffc\" data-element_type=\"widget\" data-widget_type=\"heading.default\">\n\t\t\t\t<div class=\"elementor-widget-container\">\n\t\t\t<h3 class=\"elementor-heading-title elementor-size-xxl\">NOS VALEURS<\/h3>\t\t<\/div>\n\t\t\t\t<\/div>\n\t\t\t\t<div class=\"elementor-element elementor-element-6e5d58b elementor-widget elementor-widget-text-editor\" data-id=\"6e5d58b\" data-element_type=\"widget\" data-widget_type=\"text-editor.default\">\n\t\t\t\t<div class=\"elementor-widget-container\">\n\t\t\t\t\t\t\t<p class=\"font_4\" style=\"text-align: center;\">PERMA-PIPE est fi\u00e8re des valeurs sur lesquelles repose son activit\u00e9. Nous respectons et continuerons \u00e0 respecter les plus hauts niveaux d\u2019\u00e9thique des affaires et d\u2019int\u00e9grit\u00e9 personnelle dans tous les types d\u2019actions, d\u2019interactions et de transactions.\u00a0 Notre code de conduite repose sur les valeurs de PERMA-PIPE.<\/p>\n\t\t\t\t\t\t<\/div>\n\t\t\t\t<\/div>\n\t\t\t\t\t<\/div>\n\t\t<\/div>\n\t\t\t\t\t\t\t<\/div>\n\t\t<\/section>\n\t\t\t\t<section class=\"elementor-section elementor-top-section elementor-element elementor-element-8e90553 elementor-section-stretched elementor-section-boxed elementor-section-height-default elementor-section-height-default\" data-id=\"8e90553\" data-element_type=\"section\" data-settings=\"{&quot;stretch_section&quot;:&quot;section-stretched&quot;}\">\n\t\t\t\t\t\t<div class=\"elementor-container elementor-column-gap-default\">\n\t\t\t\t\t<div class=\"elementor-column elementor-col-100 elementor-top-column elementor-element elementor-element-5eeaa20\" data-id=\"5eeaa20\" data-element_type=\"column\">\n\t\t\t<div class=\"elementor-widget-wrap elementor-element-populated\">\n\t\t\t\t\t\t\t\t<div class=\"elementor-element elementor-element-5e501d1 elementor-widget elementor-widget-image\" data-id=\"5e501d1\" data-element_type=\"widget\" data-widget_type=\"image.default\">\n\t\t\t\t<div class=\"elementor-widget-container\">\n\t\t\t\t\t\t\t\t\t\t\t\t\t\t\t<img width=\"1676\" height=\"1606\" src=\"https:\/\/www.permapipe.com\/wp-content\/uploads\/2021\/02\/Core-value-colored-png.png\" class=\"attachment-full size-full wp-image-746\" alt=\"\" loading=\"lazy\" srcset=\"https:\/\/www.permapipe.com\/wp-content\/uploads\/2021\/02\/Core-value-colored-png.png 1676w, https:\/\/www.permapipe.com\/wp-content\/uploads\/2021\/02\/Core-value-colored-png-300x287.png 300w, https:\/\/www.permapipe.com\/wp-content\/uploads\/2021\/02\/Core-value-colored-png-1024x981.png 1024w, https:\/\/www.permapipe.com\/wp-content\/uploads\/2021\/02\/Core-value-colored-png-768x736.png 768w, https:\/\/www.permapipe.com\/wp-content\/uploads\/2021\/02\/Core-value-colored-png-1536x1472.png 1536w\" sizes=\"(max-width: 1676px) 100vw, 1676px\" \/>\t\t\t\t\t\t\t\t\t\t\t\t\t\t\t<\/div>\n\t\t\t\t<\/div>\n\t\t\t\t\t<\/div>\n\t\t<\/div>\n\t\t\t\t\t\t\t<\/div>\n\t\t<\/section>\n\t\t\t\t\t\t\t<\/div>\n\t\t","protected":false},"excerpt":{"rendered":"<p>NOS VALEURS PERMA-PIPE est fi\u00e8re des valeurs sur lesquelles repose son activit\u00e9. Nous respectons et continuerons \u00e0 respecter les plus hauts niveaux d\u2019\u00e9thique des affaires et d\u2019int\u00e9grit\u00e9 personnelle dans tous les types d\u2019actions, d\u2019interactions et de transactions.\u00a0 Notre code de conduite repose sur les valeurs de PERMA-PIPE.<\/p>\n","protected":false},"author":1,"featured_media":0,"parent":12080,"menu_order":0,"comment_status":"closed","ping_status":"closed","template":"","meta":[],"yoast_head":"<!-- This site is optimized with the Yoast SEO Premium plugin v20.1 (Yoast SEO v20.1) - https:\/\/yoast.com\/wordpress\/plugins\/seo\/ -->\n<title>Nos valeurs - Global Engineered Pipe Services<\/title>\n<meta name=\"robots\" content=\"index, follow, max-snippet:-1, max-image-preview:large, max-video-preview:-1\" \/>\n<link rel=\"canonical\" href=\"https:\/\/www.permapipe.com\/fr\/nos-valeurs\/\" \/>\n<meta property=\"og:locale\" content=\"fr_CA\" \/>\n<meta property=\"og:type\" content=\"article\" \/>\n<meta property=\"og:title\" content=\"Nos valeurs\" \/>\n<meta property=\"og:description\" content=\"NOS VALEURS PERMA-PIPE est fi\u00e8re des valeurs sur lesquelles repose son activit\u00e9. Nous respectons et continuerons \u00e0 respecter les plus hauts niveaux d\u2019\u00e9thique des affaires et d\u2019int\u00e9grit\u00e9 personnelle dans tous les types d\u2019actions, d\u2019interactions et de transactions.\u00a0 Notre code de conduite repose sur les valeurs de PERMA-PIPE.\" \/>\n<meta property=\"og:url\" content=\"https:\/\/www.permapipe.com\/fr\/nos-valeurs\/\" \/>\n<meta property=\"og:site_name\" content=\"Global Engineered Pipe Services\" \/>\n<meta property=\"article:modified_time\" content=\"2023-11-29T03:53:52+00:00\" \/>\n<meta property=\"og:image\" content=\"https:\/\/www.permapipe.com\/wp-content\/uploads\/2021\/02\/Core-value-colored-png.png\" \/>\n<meta name=\"twitter:card\" content=\"summary_large_image\" \/>\n<script type=\"application\/ld+json\" class=\"yoast-schema-graph\">{\"@context\":\"https:\/\/schema.org\",\"@graph\":[{\"@type\":\"WebPage\",\"@id\":\"https:\/\/www.permapipe.com\/fr\/nos-valeurs\/\",\"url\":\"https:\/\/www.permapipe.com\/fr\/nos-valeurs\/\",\"name\":\"Nos valeurs - Global Engineered Pipe Services\",\"isPartOf\":{\"@id\":\"https:\/\/www.permapipe.com\/#website\"},\"datePublished\":\"2021-02-17T09:45:07+00:00\",\"dateModified\":\"2023-11-29T03:53:52+00:00\",\"breadcrumb\":{\"@id\":\"https:\/\/www.permapipe.com\/fr\/nos-valeurs\/#breadcrumb\"},\"inLanguage\":\"fr-CA\",\"potentialAction\":[{\"@type\":\"ReadAction\",\"target\":[\"https:\/\/www.permapipe.com\/fr\/nos-valeurs\/\"]}]},{\"@type\":\"BreadcrumbList\",\"@id\":\"https:\/\/www.permapipe.com\/fr\/nos-valeurs\/#breadcrumb\",\"itemListElement\":[{\"@type\":\"ListItem\",\"position\":1,\"name\":\"Home\",\"item\":\"https:\/\/www.permapipe.com\/fr\/page-daccueil\/\"},{\"@type\":\"ListItem\",\"position\":2,\"name\":\"Nos valeurs\"}]},{\"@type\":\"WebSite\",\"@id\":\"https:\/\/www.permapipe.com\/#website\",\"url\":\"https:\/\/www.permapipe.com\/\",\"name\":\"Global Engineered Pipe Services\",\"description\":\"\",\"publisher\":{\"@id\":\"https:\/\/www.permapipe.com\/#organization\"},\"potentialAction\":[{\"@type\":\"SearchAction\",\"target\":{\"@type\":\"EntryPoint\",\"urlTemplate\":\"https:\/\/www.permapipe.com\/?s={search_term_string}\"},\"query-input\":\"required name=search_term_string\"}],\"inLanguage\":\"fr-CA\"},{\"@type\":\"Organization\",\"@id\":\"https:\/\/www.permapipe.com\/#organization\",\"name\":\"PERMA-PIPE\",\"url\":\"https:\/\/www.permapipe.com\/\",\"logo\":{\"@type\":\"ImageObject\",\"inLanguage\":\"fr-CA\",\"@id\":\"https:\/\/www.permapipe.com\/#\/schema\/logo\/image\/\",\"url\":\"http:\/\/www.permapipe.com\/wp-content\/uploads\/2021\/04\/logo.png\",\"contentUrl\":\"http:\/\/www.permapipe.com\/wp-content\/uploads\/2021\/04\/logo.png\",\"width\":1842,\"height\":310,\"caption\":\"PERMA-PIPE\"},\"image\":{\"@id\":\"https:\/\/www.permapipe.com\/#\/schema\/logo\/image\/\"}}]}<\/script>\n<!-- \/ Yoast SEO Premium plugin. -->","yoast_head_json":{"title":"Nos valeurs - Global Engineered Pipe Services","robots":{"index":"index","follow":"follow","max-snippet":"max-snippet:-1","max-image-preview":"max-image-preview:large","max-video-preview":"max-video-preview:-1"},"canonical":"https:\/\/www.permapipe.com\/fr\/nos-valeurs\/","og_locale":"fr_CA","og_type":"article","og_title":"Nos valeurs","og_description":"NOS VALEURS PERMA-PIPE est fi\u00e8re des valeurs sur lesquelles repose son activit\u00e9. Nous respectons et continuerons \u00e0 respecter les plus hauts niveaux d\u2019\u00e9thique des affaires et d\u2019int\u00e9grit\u00e9 personnelle dans tous les types d\u2019actions, d\u2019interactions et de transactions.\u00a0 Notre code de conduite repose sur les valeurs de PERMA-PIPE.","og_url":"https:\/\/www.permapipe.com\/fr\/nos-valeurs\/","og_site_name":"Global Engineered Pipe Services","article_modified_time":"2023-11-29T03:53:52+00:00","og_image":[{"url":"https:\/\/www.permapipe.com\/wp-content\/uploads\/2021\/02\/Core-value-colored-png.png"}],"twitter_card":"summary_large_image","schema":{"@context":"https:\/\/schema.org","@graph":[{"@type":"WebPage","@id":"https:\/\/www.permapipe.com\/fr\/nos-valeurs\/","url":"https:\/\/www.permapipe.com\/fr\/nos-valeurs\/","name":"Nos valeurs - Global Engineered Pipe Services","isPartOf":{"@id":"https:\/\/www.permapipe.com\/#website"},"datePublished":"2021-02-17T09:45:07+00:00","dateModified":"2023-11-29T03:53:52+00:00","breadcrumb":{"@id":"https:\/\/www.permapipe.com\/fr\/nos-valeurs\/#breadcrumb"},"inLanguage":"fr-CA","potentialAction":[{"@type":"ReadAction","target":["https:\/\/www.permapipe.com\/fr\/nos-valeurs\/"]}]},{"@type":"BreadcrumbList","@id":"https:\/\/www.permapipe.com\/fr\/nos-valeurs\/#breadcrumb","itemListElement":[{"@type":"ListItem","position":1,"name":"Home","item":"https:\/\/www.permapipe.com\/fr\/page-daccueil\/"},{"@type":"ListItem","position":2,"name":"Nos valeurs"}]},{"@type":"WebSite","@id":"https:\/\/www.permapipe.com\/#website","url":"https:\/\/www.permapipe.com\/","name":"Global Engineered Pipe Services","description":"","publisher":{"@id":"https:\/\/www.permapipe.com\/#organization"},"potentialAction":[{"@type":"SearchAction","target":{"@type":"EntryPoint","urlTemplate":"https:\/\/www.permapipe.com\/?s={search_term_string}"},"query-input":"required name=search_term_string"}],"inLanguage":"fr-CA"},{"@type":"Organization","@id":"https:\/\/www.permapipe.com\/#organization","name":"PERMA-PIPE","url":"https:\/\/www.permapipe.com\/","logo":{"@type":"ImageObject","inLanguage":"fr-CA","@id":"https:\/\/www.permapipe.com\/#\/schema\/logo\/image\/","url":"http:\/\/www.permapipe.com\/wp-content\/uploads\/2021\/04\/logo.png","contentUrl":"http:\/\/www.permapipe.com\/wp-content\/uploads\/2021\/04\/logo.png","width":1842,"height":310,"caption":"PERMA-PIPE"},"image":{"@id":"https:\/\/www.permapipe.com\/#\/schema\/logo\/image\/"}}]}},"_links":{"self":[{"href":"https:\/\/www.permapipe.com\/fr\/wp-json\/wp\/v2\/pages\/12053"}],"collection":[{"href":"https:\/\/www.permapipe.com\/fr\/wp-json\/wp\/v2\/pages"}],"about":[{"href":"https:\/\/www.permapipe.com\/fr\/wp-json\/wp\/v2\/types\/page"}],"author":[{"embeddable":true,"href":"https:\/\/www.permapipe.com\/fr\/wp-json\/wp\/v2\/users\/1"}],"replies":[{"embeddable":true,"href":"https:\/\/www.permapipe.com\/fr\/wp-json\/wp\/v2\/comments?post=12053"}],"version-history":[{"count":1,"href":"https:\/\/www.permapipe.com\/fr\/wp-json\/wp\/v2\/pages\/12053\/revisions"}],"predecessor-version":[{"id":12078,"href":"https:\/\/www.permapipe.com\/fr\/wp-json\/wp\/v2\/pages\/12053\/revisions\/12078"}],"up":[{"embeddable":true,"href":"https:\/\/www.permapipe.com\/fr\/wp-json\/wp\/v2\/pages\/12080"}],"wp:attachment":[{"href":"https:\/\/www.permapipe.com\/fr\/wp-json\/wp\/v2\/media?parent=12053"}],"curies":[{"name":"wp","href":"https:\/\/api.w.org\/{rel}","templated":true}]}}