{"id":12081,"date":"2021-02-17T04:41:13","date_gmt":"2021-02-17T10:41:13","guid":{"rendered":"https:\/\/www.permapipe.com\/a-propos\/partenaire-dexcellence\/"},"modified":"2023-11-28T21:53:52","modified_gmt":"2023-11-29T03:53:52","slug":"partenaire-dexcellence","status":"publish","type":"page","link":"https:\/\/www.permapipe.com\/fr\/a-propos\/partenaire-dexcellence\/","title":{"rendered":"Partenaire d\u2019excellence"},"content":{"rendered":"\t\t<div data-elementor-type=\"wp-page\" data-elementor-id=\"12081\" class=\"elementor elementor-12081 elementor-751\" data-elementor-post-type=\"page\">\n\t\t\t\t\t\t\t\t\t<section class=\"elementor-section elementor-top-section elementor-element elementor-element-e11915f elementor-section-stretched elementor-section-boxed elementor-section-height-default elementor-section-height-default\" data-id=\"e11915f\" data-element_type=\"section\" data-settings=\"{&quot;stretch_section&quot;:&quot;section-stretched&quot;,&quot;background_background&quot;:&quot;classic&quot;}\">\n\t\t\t\t\t\t<div class=\"elementor-container elementor-column-gap-default\">\n\t\t\t\t\t<div class=\"elementor-column elementor-col-100 elementor-top-column elementor-element elementor-element-5fa8142\" data-id=\"5fa8142\" data-element_type=\"column\">\n\t\t\t<div class=\"elementor-widget-wrap elementor-element-populated\">\n\t\t\t\t\t\t\t\t<div class=\"elementor-element elementor-element-a2553c3 elementor-widget elementor-widget-image\" data-id=\"a2553c3\" data-element_type=\"widget\" data-widget_type=\"image.default\">\n\t\t\t\t<div class=\"elementor-widget-container\">\n\t\t\t\t\t\t\t\t\t\t\t\t\t\t\t<img width=\"980\" height=\"370\" src=\"https:\/\/www.permapipe.com\/wp-content\/uploads\/2021\/03\/partners-in-exellence.webp\" class=\"attachment-full size-full wp-image-2108\" alt=\"partners-in-exellence\" loading=\"lazy\" \/>\t\t\t\t\t\t\t\t\t\t\t\t\t\t\t<\/div>\n\t\t\t\t<\/div>\n\t\t\t\t<div class=\"elementor-element elementor-element-eda42ce elementor-widget__width-initial elementor-widget elementor-widget-text-editor\" data-id=\"eda42ce\" data-element_type=\"widget\" data-widget_type=\"text-editor.default\">\n\t\t\t\t<div class=\"elementor-widget-container\">\n\t\t\t\t\t\t\t<p><img src=\"http:\/\/www.permapipe.com\/wp-content\/uploads\/2021\/04\/footer-logo.jpg\" alt=\"PPSLOGAN_CMYK\"\/><\/p>\n\t\t\t\t\t\t<\/div>\n\t\t\t\t<\/div>\n\t\t\t\t\t<\/div>\n\t\t<\/div>\n\t\t\t\t\t\t\t<\/div>\n\t\t<\/section>\n\t\t\t\t<section class=\"elementor-section elementor-top-section elementor-element elementor-element-07aef8d elementor-section-stretched elementor-section-boxed elementor-section-height-default elementor-section-height-default\" data-id=\"07aef8d\" data-element_type=\"section\" data-settings=\"{&quot;stretch_section&quot;:&quot;section-stretched&quot;,&quot;background_background&quot;:&quot;classic&quot;}\">\n\t\t\t\t\t\t<div class=\"elementor-container elementor-column-gap-default\">\n\t\t\t\t\t<div class=\"elementor-column elementor-col-100 elementor-top-column elementor-element elementor-element-7544bda\" data-id=\"7544bda\" data-element_type=\"column\">\n\t\t\t<div class=\"elementor-widget-wrap elementor-element-populated\">\n\t\t\t\t\t\t\t\t<div class=\"elementor-element elementor-element-ccb993a elementor-widget-divider--view-line elementor-widget elementor-widget-divider\" data-id=\"ccb993a\" data-element_type=\"widget\" data-widget_type=\"divider.default\">\n\t\t\t\t<div class=\"elementor-widget-container\">\n\t\t\t\t\t<div class=\"elementor-divider\">\n\t\t\t<span class=\"elementor-divider-separator\">\n\t\t\t\t\t\t<\/span>\n\t\t<\/div>\n\t\t\t\t<\/div>\n\t\t\t\t<\/div>\n\t\t\t\t<div class=\"elementor-element elementor-element-284728b elementor-widget elementor-widget-heading\" data-id=\"284728b\" data-element_type=\"widget\" data-widget_type=\"heading.default\">\n\t\t\t\t<div class=\"elementor-widget-container\">\n\t\t\t<h1 class=\"elementor-heading-title elementor-size-default\">Faites partenariat avec PERMA-PIPE et obtenez-en davantage<\/h1>\t\t<\/div>\n\t\t\t\t<\/div>\n\t\t\t\t<div class=\"elementor-element elementor-element-b98f73e elementor-widget elementor-widget-text-editor\" data-id=\"b98f73e\" data-element_type=\"widget\" data-widget_type=\"text-editor.default\">\n\t\t\t\t<div class=\"elementor-widget-container\">\n\t\t\t\t\t\t\t<p class=\"font_4\">PERMA-PIPE s\u2019engage \u00e0 fournir \u00e0 ses clients une exp\u00e9rience de partenariat qui d\u00e9passe leurs attentes et \u00e0 les garder au premier plan de notre culture et de nos pratiques commerciales. Lorsqu\u2019ils s\u2019associent \u00e0 PERMA-PIPE, ils n\u2019ach\u00e8tent pas seulement une solution pour le pr\u00e9sent, ils investissent dans un syst\u00e8me de tuyauterie fiable et durable et dans la soci\u00e9t\u00e9 qui s\u2019en porte garante.<\/p>\n<p class=\"font_4\">Nous sommes \u00e0 l\u2019\u00e9coute de nos clients pour la planification, la conception, la fabrication et l\u2019installation de leur syst\u00e8me de tuyauterie. En tant que partenaire privil\u00e9gi\u00e9, nous travaillons de concert pour leur offrir commodit\u00e9, \u00e9conomies et tranquillit\u00e9 d\u2019esprit du d\u00e9but \u00e0 la fin du projet.<\/p>\n<p class=\"font_4\">\u200bC\u2019est la fa\u00e7on dont les PARTENAIRES D\u2019EXCELLENCE font affaire avec PERMA-PIPE.<\/p>\n\t\t\t\t\t\t<\/div>\n\t\t\t\t<\/div>\n\t\t\t\t\t<\/div>\n\t\t<\/div>\n\t\t\t\t\t\t\t<\/div>\n\t\t<\/section>\n\t\t\t\t\t\t\t<\/div>\n\t\t","protected":false},"excerpt":{"rendered":"<p>Faites partenariat avec PERMA-PIPE et obtenez-en davantage PERMA-PIPE s\u2019engage \u00e0 fournir \u00e0 ses clients une exp\u00e9rience de partenariat qui d\u00e9passe leurs attentes et \u00e0 les garder au premier plan de notre culture et de nos pratiques commerciales. Lorsqu\u2019ils s\u2019associent \u00e0 PERMA-PIPE, ils n\u2019ach\u00e8tent pas seulement une solution pour le pr\u00e9sent, ils investissent dans un syst\u00e8me [&hellip;]<\/p>\n","protected":false},"author":1,"featured_media":0,"parent":12080,"menu_order":0,"comment_status":"closed","ping_status":"closed","template":"","meta":[],"yoast_head":"<!-- This site is optimized with the Yoast SEO Premium plugin v20.1 (Yoast SEO v20.1) - https:\/\/yoast.com\/wordpress\/plugins\/seo\/ -->\n<title>Partenaire d\u2019excellence - Global Engineered Pipe Services<\/title>\n<meta name=\"robots\" content=\"index, follow, max-snippet:-1, max-image-preview:large, max-video-preview:-1\" \/>\n<link rel=\"canonical\" href=\"https:\/\/www.permapipe.com\/fr\/a-propos\/partenaire-dexcellence\/\" \/>\n<meta property=\"og:locale\" content=\"fr_CA\" \/>\n<meta property=\"og:type\" content=\"article\" \/>\n<meta property=\"og:title\" content=\"Partenaire d\u2019excellence\" \/>\n<meta property=\"og:description\" content=\"Faites partenariat avec PERMA-PIPE et obtenez-en davantage PERMA-PIPE s\u2019engage \u00e0 fournir \u00e0 ses clients une exp\u00e9rience de partenariat qui d\u00e9passe leurs attentes et \u00e0 les garder au premier plan de notre culture et de nos pratiques commerciales. Lorsqu\u2019ils s\u2019associent \u00e0 PERMA-PIPE, ils n\u2019ach\u00e8tent pas seulement une solution pour le pr\u00e9sent, ils investissent dans un syst\u00e8me [&hellip;]\" \/>\n<meta property=\"og:url\" content=\"https:\/\/www.permapipe.com\/fr\/a-propos\/partenaire-dexcellence\/\" \/>\n<meta property=\"og:site_name\" content=\"Global Engineered Pipe Services\" \/>\n<meta property=\"article:modified_time\" content=\"2023-11-29T03:53:52+00:00\" \/>\n<meta property=\"og:image\" content=\"https:\/\/www.permapipe.com\/wp-content\/uploads\/2021\/03\/partners-in-exellence.webp\" \/>\n<meta name=\"twitter:card\" content=\"summary_large_image\" \/>\n<meta name=\"twitter:label1\" content=\"Estimation du temps de lecture\" \/>\n\t<meta name=\"twitter:data1\" content=\"1 minute\" \/>\n<script type=\"application\/ld+json\" class=\"yoast-schema-graph\">{\"@context\":\"https:\/\/schema.org\",\"@graph\":[{\"@type\":\"WebPage\",\"@id\":\"https:\/\/www.permapipe.com\/fr\/a-propos\/partenaire-dexcellence\/\",\"url\":\"https:\/\/www.permapipe.com\/fr\/a-propos\/partenaire-dexcellence\/\",\"name\":\"Partenaire d\u2019excellence - Global Engineered Pipe Services\",\"isPartOf\":{\"@id\":\"https:\/\/www.permapipe.com\/#website\"},\"datePublished\":\"2021-02-17T10:41:13+00:00\",\"dateModified\":\"2023-11-29T03:53:52+00:00\",\"breadcrumb\":{\"@id\":\"https:\/\/www.permapipe.com\/fr\/a-propos\/partenaire-dexcellence\/#breadcrumb\"},\"inLanguage\":\"fr-CA\",\"potentialAction\":[{\"@type\":\"ReadAction\",\"target\":[\"https:\/\/www.permapipe.com\/fr\/a-propos\/partenaire-dexcellence\/\"]}]},{\"@type\":\"BreadcrumbList\",\"@id\":\"https:\/\/www.permapipe.com\/fr\/a-propos\/partenaire-dexcellence\/#breadcrumb\",\"itemListElement\":[{\"@type\":\"ListItem\",\"position\":1,\"name\":\"Home\",\"item\":\"https:\/\/www.permapipe.com\/fr\/page-daccueil\/\"},{\"@type\":\"ListItem\",\"position\":2,\"name\":\"\u00c0 propos\",\"item\":\"https:\/\/www.permapipe.com\/fr\/a-propos\/\"},{\"@type\":\"ListItem\",\"position\":3,\"name\":\"Partenaire d\u2019excellence\"}]},{\"@type\":\"WebSite\",\"@id\":\"https:\/\/www.permapipe.com\/#website\",\"url\":\"https:\/\/www.permapipe.com\/\",\"name\":\"Global Engineered Pipe Services\",\"description\":\"\",\"publisher\":{\"@id\":\"https:\/\/www.permapipe.com\/#organization\"},\"potentialAction\":[{\"@type\":\"SearchAction\",\"target\":{\"@type\":\"EntryPoint\",\"urlTemplate\":\"https:\/\/www.permapipe.com\/?s={search_term_string}\"},\"query-input\":\"required name=search_term_string\"}],\"inLanguage\":\"fr-CA\"},{\"@type\":\"Organization\",\"@id\":\"https:\/\/www.permapipe.com\/#organization\",\"name\":\"PERMA-PIPE\",\"url\":\"https:\/\/www.permapipe.com\/\",\"logo\":{\"@type\":\"ImageObject\",\"inLanguage\":\"fr-CA\",\"@id\":\"https:\/\/www.permapipe.com\/#\/schema\/logo\/image\/\",\"url\":\"http:\/\/www.permapipe.com\/wp-content\/uploads\/2021\/04\/logo.png\",\"contentUrl\":\"http:\/\/www.permapipe.com\/wp-content\/uploads\/2021\/04\/logo.png\",\"width\":1842,\"height\":310,\"caption\":\"PERMA-PIPE\"},\"image\":{\"@id\":\"https:\/\/www.permapipe.com\/#\/schema\/logo\/image\/\"}}]}<\/script>\n<!-- \/ Yoast SEO Premium plugin. -->","yoast_head_json":{"title":"Partenaire d\u2019excellence - Global Engineered Pipe Services","robots":{"index":"index","follow":"follow","max-snippet":"max-snippet:-1","max-image-preview":"max-image-preview:large","max-video-preview":"max-video-preview:-1"},"canonical":"https:\/\/www.permapipe.com\/fr\/a-propos\/partenaire-dexcellence\/","og_locale":"fr_CA","og_type":"article","og_title":"Partenaire d\u2019excellence","og_description":"Faites partenariat avec PERMA-PIPE et obtenez-en davantage PERMA-PIPE s\u2019engage \u00e0 fournir \u00e0 ses clients une exp\u00e9rience de partenariat qui d\u00e9passe leurs attentes et \u00e0 les garder au premier plan de notre culture et de nos pratiques commerciales. Lorsqu\u2019ils s\u2019associent \u00e0 PERMA-PIPE, ils n\u2019ach\u00e8tent pas seulement une solution pour le pr\u00e9sent, ils investissent dans un syst\u00e8me [&hellip;]","og_url":"https:\/\/www.permapipe.com\/fr\/a-propos\/partenaire-dexcellence\/","og_site_name":"Global Engineered Pipe Services","article_modified_time":"2023-11-29T03:53:52+00:00","og_image":[{"url":"https:\/\/www.permapipe.com\/wp-content\/uploads\/2021\/03\/partners-in-exellence.webp"}],"twitter_card":"summary_large_image","twitter_misc":{"Estimation du temps de lecture":"1 minute"},"schema":{"@context":"https:\/\/schema.org","@graph":[{"@type":"WebPage","@id":"https:\/\/www.permapipe.com\/fr\/a-propos\/partenaire-dexcellence\/","url":"https:\/\/www.permapipe.com\/fr\/a-propos\/partenaire-dexcellence\/","name":"Partenaire d\u2019excellence - Global Engineered Pipe Services","isPartOf":{"@id":"https:\/\/www.permapipe.com\/#website"},"datePublished":"2021-02-17T10:41:13+00:00","dateModified":"2023-11-29T03:53:52+00:00","breadcrumb":{"@id":"https:\/\/www.permapipe.com\/fr\/a-propos\/partenaire-dexcellence\/#breadcrumb"},"inLanguage":"fr-CA","potentialAction":[{"@type":"ReadAction","target":["https:\/\/www.permapipe.com\/fr\/a-propos\/partenaire-dexcellence\/"]}]},{"@type":"BreadcrumbList","@id":"https:\/\/www.permapipe.com\/fr\/a-propos\/partenaire-dexcellence\/#breadcrumb","itemListElement":[{"@type":"ListItem","position":1,"name":"Home","item":"https:\/\/www.permapipe.com\/fr\/page-daccueil\/"},{"@type":"ListItem","position":2,"name":"\u00c0 propos","item":"https:\/\/www.permapipe.com\/fr\/a-propos\/"},{"@type":"ListItem","position":3,"name":"Partenaire d\u2019excellence"}]},{"@type":"WebSite","@id":"https:\/\/www.permapipe.com\/#website","url":"https:\/\/www.permapipe.com\/","name":"Global Engineered Pipe Services","description":"","publisher":{"@id":"https:\/\/www.permapipe.com\/#organization"},"potentialAction":[{"@type":"SearchAction","target":{"@type":"EntryPoint","urlTemplate":"https:\/\/www.permapipe.com\/?s={search_term_string}"},"query-input":"required name=search_term_string"}],"inLanguage":"fr-CA"},{"@type":"Organization","@id":"https:\/\/www.permapipe.com\/#organization","name":"PERMA-PIPE","url":"https:\/\/www.permapipe.com\/","logo":{"@type":"ImageObject","inLanguage":"fr-CA","@id":"https:\/\/www.permapipe.com\/#\/schema\/logo\/image\/","url":"http:\/\/www.permapipe.com\/wp-content\/uploads\/2021\/04\/logo.png","contentUrl":"http:\/\/www.permapipe.com\/wp-content\/uploads\/2021\/04\/logo.png","width":1842,"height":310,"caption":"PERMA-PIPE"},"image":{"@id":"https:\/\/www.permapipe.com\/#\/schema\/logo\/image\/"}}]}},"_links":{"self":[{"href":"https:\/\/www.permapipe.com\/fr\/wp-json\/wp\/v2\/pages\/12081"}],"collection":[{"href":"https:\/\/www.permapipe.com\/fr\/wp-json\/wp\/v2\/pages"}],"about":[{"href":"https:\/\/www.permapipe.com\/fr\/wp-json\/wp\/v2\/types\/page"}],"author":[{"embeddable":true,"href":"https:\/\/www.permapipe.com\/fr\/wp-json\/wp\/v2\/users\/1"}],"replies":[{"embeddable":true,"href":"https:\/\/www.permapipe.com\/fr\/wp-json\/wp\/v2\/comments?post=12081"}],"version-history":[{"count":1,"href":"https:\/\/www.permapipe.com\/fr\/wp-json\/wp\/v2\/pages\/12081\/revisions"}],"predecessor-version":[{"id":12100,"href":"https:\/\/www.permapipe.com\/fr\/wp-json\/wp\/v2\/pages\/12081\/revisions\/12100"}],"up":[{"embeddable":true,"href":"https:\/\/www.permapipe.com\/fr\/wp-json\/wp\/v2\/pages\/12080"}],"wp:attachment":[{"href":"https:\/\/www.permapipe.com\/fr\/wp-json\/wp\/v2\/media?parent=12081"}],"curies":[{"name":"wp","href":"https:\/\/api.w.org\/{rel}","templated":true}]}}