{"id":12088,"date":"2021-03-26T06:33:16","date_gmt":"2021-03-26T11:33:16","guid":{"rendered":"https:\/\/www.permapipe.com\/devis\/"},"modified":"2023-11-28T21:54:00","modified_gmt":"2023-11-29T03:54:00","slug":"devis","status":"publish","type":"page","link":"https:\/\/www.permapipe.com\/fr\/devis\/","title":{"rendered":"Devis"},"content":{"rendered":"\t\t<div data-elementor-type=\"wp-page\" data-elementor-id=\"12088\" class=\"elementor elementor-12088 elementor-2260\" data-elementor-post-type=\"page\">\n\t\t\t\t\t\t\t\t\t<section class=\"elementor-section elementor-top-section elementor-element elementor-element-69aa53e elementor-section-stretched elementor-section-boxed elementor-section-height-default elementor-section-height-default\" data-id=\"69aa53e\" data-element_type=\"section\" data-settings=\"{&quot;stretch_section&quot;:&quot;section-stretched&quot;,&quot;background_background&quot;:&quot;classic&quot;}\">\n\t\t\t\t\t\t<div class=\"elementor-container elementor-column-gap-default\">\n\t\t\t\t\t<div class=\"elementor-column elementor-col-100 elementor-top-column elementor-element elementor-element-306fce6\" data-id=\"306fce6\" data-element_type=\"column\">\n\t\t\t<div class=\"elementor-widget-wrap elementor-element-populated\">\n\t\t\t\t\t\t\t\t<section class=\"elementor-section elementor-inner-section elementor-element elementor-element-9c009d1 elementor-section-full_width elementor-section-height-min-height elementor-section-height-default\" data-id=\"9c009d1\" data-element_type=\"section\" data-settings=\"{&quot;background_background&quot;:&quot;classic&quot;}\">\n\t\t\t\t\t\t<div class=\"elementor-container elementor-column-gap-default\">\n\t\t\t\t\t<div class=\"elementor-column elementor-col-100 elementor-inner-column elementor-element elementor-element-e544ff2\" data-id=\"e544ff2\" data-element_type=\"column\">\n\t\t\t<div class=\"elementor-widget-wrap\">\n\t\t\t\t\t\t\t\t\t<\/div>\n\t\t<\/div>\n\t\t\t\t\t\t\t<\/div>\n\t\t<\/section>\n\t\t\t\t<div class=\"elementor-element elementor-element-bc85ffc elementor-widget elementor-widget-heading\" data-id=\"bc85ffc\" data-element_type=\"widget\" data-widget_type=\"heading.default\">\n\t\t\t\t<div class=\"elementor-widget-container\">\n\t\t\t<h3 class=\"elementor-heading-title elementor-size-xxl\">DEMANDER UN<bR> DEVIS DE PROJET<\/h3>\t\t<\/div>\n\t\t\t\t<\/div>\n\t\t\t\t<section class=\"elementor-section elementor-inner-section elementor-element elementor-element-a64852e elementor-section-full_width elementor-section-height-default elementor-section-height-default\" data-id=\"a64852e\" data-element_type=\"section\" data-settings=\"{&quot;background_background&quot;:&quot;classic&quot;}\">\n\t\t\t\t\t\t<div class=\"elementor-container elementor-column-gap-default\">\n\t\t\t\t\t<div class=\"elementor-column elementor-col-100 elementor-inner-column elementor-element elementor-element-acc9d07\" data-id=\"acc9d07\" data-element_type=\"column\">\n\t\t\t<div class=\"elementor-widget-wrap elementor-element-populated\">\n\t\t\t\t\t\t\t\t<div class=\"elementor-element elementor-element-ea1191e elementor-widget elementor-widget-heading\" data-id=\"ea1191e\" data-element_type=\"widget\" data-widget_type=\"heading.default\">\n\t\t\t\t<div class=\"elementor-widget-container\">\n\t\t\t<h3 class=\"elementor-heading-title elementor-size-xxl\">Votre projet est tr\u00e8s important pour nous<\/h3>\t\t<\/div>\n\t\t\t\t<\/div>\n\t\t\t\t<div class=\"elementor-element elementor-element-131ca84 elementor-widget elementor-widget-text-editor\" data-id=\"131ca84\" data-element_type=\"widget\" data-widget_type=\"text-editor.default\">\n\t\t\t\t<div class=\"elementor-widget-container\">\n\t\t\t\t\t\t\t<p>Afin que nous puissions vous fournir un devis pr\u00e9cis, veuillez remplir le formulaire ci-dessous. Un repr\u00e9sentant commercial de PERMA-PIPE communiquera avec vous pour vous donner des informations sur les produits et les prix. Notre \u00e9quipe exp\u00e9riment\u00e9e d\u00e9terminera la meilleure solution pour r\u00e9pondre aux besoins de votre projet. Nous appr\u00e9cions l\u2019opportunit\u00e9 de travailler avec vous!<\/p>\n\t\t\t\t\t\t<\/div>\n\t\t\t\t<\/div>\n\t\t\t\t<div class=\"elementor-element elementor-element-8cca067 elementor-widget elementor-widget-text-editor\" data-id=\"8cca067\" data-element_type=\"widget\" data-widget_type=\"text-editor.default\">\n\t\t\t\t<div class=\"elementor-widget-container\">\n\t\t\t\t\t\t\t<p><em>Avertissement\u00a0: Ne t\u00e9l\u00e9chargez pas votre CV sur cette page; il ne sera pas transmis au service des ressources humaines.\u00a0 Rendez-vous sur notre page <a href=\"https:\/\/www.permapipe.com\/job-posting\/upload-resume\/\" target=\"_blank\" rel=\"noopener\">T\u00e9l\u00e9chargement de CV<\/a> pour obtenir des directives suppl\u00e9mentaires.<\/em><\/p>\n\t\t\t\t\t\t<\/div>\n\t\t\t\t<\/div>\n\t\t\t\t<div class=\"elementor-element elementor-element-27267d9 elementor-widget elementor-widget-text-editor\" data-id=\"27267d9\" data-element_type=\"widget\" data-widget_type=\"text-editor.default\">\n\t\t\t\t<div class=\"elementor-widget-container\">\n\t\t\t\t\t\t\t<p><em>*\u00a0Obligatoire<\/em><\/p>\n\t\t\t\t\t\t<\/div>\n\t\t\t\t<\/div>\n\t\t\t\t<div class=\"elementor-element elementor-element-b932799 elementor-widget elementor-widget-text-editor\" data-id=\"b932799\" data-element_type=\"widget\" data-widget_type=\"text-editor.default\">\n\t\t\t\t<div class=\"elementor-widget-container\">\n\t\t\t\t\t\t\t\n                <div class='gf_browser_unknown gform_wrapper' id='gform_wrapper_3' ><div id='gf_3' class='gform_anchor' tabindex='-1'><\/div><form method='post' enctype='multipart\/form-data' target='gform_ajax_frame_3' id='gform_3'  action='\/fr\/wp-json\/wp\/v2\/pages\/12088#gf_3'>\n                        <div class='gform_heading'>\n                            <h3 class='gform_title'>Quote<\/h3>\n                        <\/div>\n                        <div class='gform_body'><ul id='gform_fields_3' class='gform_fields top_label form_sublabel_below description_below'><li id='field_3_1'  class='gfield gf_left_half field_sublabel_below field_description_below gfield_visibility_visible' ><label class='gfield_label' for='input_3_1' >Name*<\/label><div class='ginput_container ginput_container_text'><input name='input_1' id='input_3_1' type='text' value='' class='medium'      aria-invalid=\"false\" \/><\/div><\/li><li id='field_3_2'  class='gfield gf_right_half field_sublabel_below field_description_below gfield_visibility_visible' ><label class='gfield_label' for='input_3_2' >Job Title*<\/label><div class='ginput_container ginput_container_text'><input name='input_2' id='input_3_2' type='text' value='' class='medium'      aria-invalid=\"false\" \/><\/div><\/li><li id='field_3_3'  class='gfield gf_left_half field_sublabel_below field_description_below gfield_visibility_visible' ><label class='gfield_label' for='input_3_3' >Company Name*<\/label><div class='ginput_container ginput_container_text'><input name='input_3' id='input_3_3' type='text' value='' class='medium'      aria-invalid=\"false\" \/><\/div><\/li><li id='field_3_4'  class='gfield gf_right_half field_sublabel_below field_description_below gfield_visibility_visible' ><label class='gfield_label' for='input_3_4' >Company Location*<\/label><div class='ginput_container ginput_container_text'><input name='input_4' id='input_3_4' type='text' value='' class='medium'    placeholder='City \/ State \/ Country'  aria-invalid=\"false\" \/><\/div><\/li><li id='field_3_6'  class='gfield gf_left_half field_sublabel_below field_description_below gfield_visibility_visible' ><label class='gfield_label' for='input_3_6' >Email*<\/label><div class='ginput_container ginput_container_email'>\n                            <input name='input_6' id='input_3_6' type='text' value='' class='medium'     aria-invalid=\"false\" \/>\n                        <\/div><\/li><li id='field_3_5'  class='gfield gf_right_half field_sublabel_below field_description_below gfield_visibility_visible' ><label class='gfield_label' for='input_3_5' >Phone*<\/label><div class='ginput_container ginput_container_phone'><input name='input_5' id='input_3_5' type='text' value='' class='medium'    aria-invalid=\"false\"  \/><\/div><\/li><li id='field_3_11'  class='gfield gf_left_half field_sublabel_below field_description_below gfield_visibility_visible' ><label class='gfield_label' for='input_3_11' >Project Location*<\/label><div class='ginput_container ginput_container_text'><input name='input_11' id='input_3_11' type='text' value='' class='medium'      aria-invalid=\"false\" \/><\/div><\/li><li id='field_3_12'  class='gfield gf_right_half field_sublabel_below field_description_below gfield_visibility_visible' ><label class='gfield_label' for='input_3_12' >Required Bid Date*<\/label><div class='ginput_container ginput_container_date'>\n                            <input name='input_12' id='input_3_12' type='text' value='' class='datepicker medium mdy datepicker_no_icon'    aria-describedby='input_3_12_date_format' \/>\n                            <span id='input_3_12_date_format' class='screen-reader-text'>Date Format: MM slash DD slash YYYY<\/span>\n                        <\/div>\n                        <input type='hidden' id='gforms_calendar_icon_input_3_12' class='gform_hidden' value='https:\/\/www.permapipe.com\/wp-content\/plugins\/gravityforms\/images\/calendar.png'\/><\/li><li id='field_3_7'  class='gfield gf_left_half field_sublabel_below field_description_below gfield_visibility_visible' ><label class='gfield_label'  >Choose Your Solutions*<\/label><div class='ginput_container ginput_container_checkbox'><ul class='gfield_checkbox' id='input_3_7'><li class='gchoice_3_7_1'>\n\t\t\t\t\t\t\t\t<input name='input_7.1' type='checkbox'  value='District Energy'  id='choice_3_7_1'   \/>\n\t\t\t\t\t\t\t\t<label for='choice_3_7_1' id='label_3_7_1'>District Energy<\/label>\n\t\t\t\t\t\t\t<\/li><li class='gchoice_3_7_2'>\n\t\t\t\t\t\t\t\t<input name='input_7.2' type='checkbox'  value='Environmental Protection'  id='choice_3_7_2'   \/>\n\t\t\t\t\t\t\t\t<label for='choice_3_7_2' id='label_3_7_2'>Environmental Protection<\/label>\n\t\t\t\t\t\t\t<\/li><li class='gchoice_3_7_3'>\n\t\t\t\t\t\t\t\t<input name='input_7.3' type='checkbox'  value='Oil &amp; Gas'  id='choice_3_7_3'   \/>\n\t\t\t\t\t\t\t\t<label for='choice_3_7_3' id='label_3_7_3'>Oil &#038; Gas<\/label>\n\t\t\t\t\t\t\t<\/li><li class='gchoice_3_7_4'>\n\t\t\t\t\t\t\t\t<input name='input_7.4' type='checkbox'  value='Maritime'  id='choice_3_7_4'   \/>\n\t\t\t\t\t\t\t\t<label for='choice_3_7_4' id='label_3_7_4'>Maritime<\/label>\n\t\t\t\t\t\t\t<\/li><li class='gchoice_3_7_5'>\n\t\t\t\t\t\t\t\t<input name='input_7.5' type='checkbox'  value='Industrial'  id='choice_3_7_5'   \/>\n\t\t\t\t\t\t\t\t<label for='choice_3_7_5' id='label_3_7_5'>Industrial<\/label>\n\t\t\t\t\t\t\t<\/li><li class='gchoice_3_7_6'>\n\t\t\t\t\t\t\t\t<input name='input_7.6' type='checkbox'  value='Corrosion Under Insulation'  id='choice_3_7_6'   \/>\n\t\t\t\t\t\t\t\t<label for='choice_3_7_6' id='label_3_7_6'>Corrosion Under Insulation<\/label>\n\t\t\t\t\t\t\t<\/li><\/ul><\/div><\/li><li id='field_3_8'  class='gfield gf_right_half field_sublabel_below field_description_below gfield_visibility_visible' ><label class='gfield_label'  >Choose Your Products*<\/label><div class='ginput_container ginput_container_checkbox'><ul class='gfield_checkbox' id='input_3_8'><li class='gchoice_3_8_1'>\n\t\t\t\t\t\t\t\t<input name='input_8.1' type='checkbox'  value='Insulation'  id='choice_3_8_1'   \/>\n\t\t\t\t\t\t\t\t<label for='choice_3_8_1' id='label_3_8_1'>Insulation<\/label>\n\t\t\t\t\t\t\t<\/li><li class='gchoice_3_8_2'>\n\t\t\t\t\t\t\t\t<input name='input_8.2' type='checkbox'  value='Containment'  id='choice_3_8_2'   \/>\n\t\t\t\t\t\t\t\t<label for='choice_3_8_2' id='label_3_8_2'>Containment<\/label>\n\t\t\t\t\t\t\t<\/li><li class='gchoice_3_8_3'>\n\t\t\t\t\t\t\t\t<input name='input_8.3' type='checkbox'  value='Anti-Corrosion'  id='choice_3_8_3'   \/>\n\t\t\t\t\t\t\t\t<label for='choice_3_8_3' id='label_3_8_3'>Anti-Corrosion<\/label>\n\t\t\t\t\t\t\t<\/li><li class='gchoice_3_8_4'>\n\t\t\t\t\t\t\t\t<input name='input_8.4' type='checkbox'  value='Leak Detection'  id='choice_3_8_4'   \/>\n\t\t\t\t\t\t\t\t<label for='choice_3_8_4' id='label_3_8_4'>Leak Detection<\/label>\n\t\t\t\t\t\t\t<\/li><li class='gchoice_3_8_5'>\n\t\t\t\t\t\t\t\t<input name='input_8.5' type='checkbox'  value='Specialty'  id='choice_3_8_5'   \/>\n\t\t\t\t\t\t\t\t<label for='choice_3_8_5' id='label_3_8_5'>Specialty<\/label>\n\t\t\t\t\t\t\t<\/li><\/ul><\/div><\/li><li id='field_3_9'  class='gfield field_sublabel_below field_description_below gfield_visibility_visible' ><label class='gfield_label'  >Choose Your Services*<\/label><div class='ginput_container ginput_container_checkbox'><ul class='gfield_checkbox' id='input_3_9'><li class='gchoice_3_9_1'>\n\t\t\t\t\t\t\t\t<input name='input_9.1' type='checkbox'  value='Engineering Support'  id='choice_3_9_1'   \/>\n\t\t\t\t\t\t\t\t<label for='choice_3_9_1' id='label_3_9_1'>Engineering Support<\/label>\n\t\t\t\t\t\t\t<\/li><li class='gchoice_3_9_2'>\n\t\t\t\t\t\t\t\t<input name='input_9.2' type='checkbox'  value='Field Service'  id='choice_3_9_2'   \/>\n\t\t\t\t\t\t\t\t<label for='choice_3_9_2' id='label_3_9_2'>Field Service<\/label>\n\t\t\t\t\t\t\t<\/li><li class='gchoice_3_9_3'>\n\t\t\t\t\t\t\t\t<input name='input_9.3' type='checkbox'  value='Custom Fabrication'  id='choice_3_9_3'   \/>\n\t\t\t\t\t\t\t\t<label for='choice_3_9_3' id='label_3_9_3'>Custom Fabrication<\/label>\n\t\t\t\t\t\t\t<\/li><\/ul><\/div><\/li><li id='field_3_10'  class='gfield field_sublabel_below field_description_below gfield_visibility_visible' ><label class='gfield_label' for='input_3_10' >Project Requirements*<\/label><div class='ginput_container ginput_container_textarea'><textarea name='input_10' id='input_3_10' class='textarea medium'      aria-invalid=\"false\"   rows='10' cols='50'><\/textarea><\/div><\/li><li id='field_3_15'  class='gfield gf_left_half field_sublabel_below field_description_below gfield_visibility_visible' ><label class='gfield_label' for='input_3_15' >How Did You Hear About Us?<\/label><div class='ginput_container ginput_container_text'><input name='input_15' id='input_3_15' type='text' value='' class='medium'      aria-invalid=\"false\" \/><\/div><\/li><li id='field_3_16'  class='gfield gform_validation_container field_sublabel_below field_description_below gfield_visibility_visible' ><label class='gfield_label' for='input_3_16' >Comments<\/label><div class='ginput_container'><input name='input_16' id='input_3_16' type='text' value='' \/><\/div><div class='gfield_description' id='gfield_description_3_16'>Ce champ n\u2019est utilis\u00e9 qu\u2019\u00e0 des fins de validation et devrait rester inchang\u00e9.<\/div><\/li>\n                            <\/ul><\/div>\n        <div class='gform_footer top_label'> <input type='submit' id='gform_submit_button_3' class='gform_button button' value='Submit'  onclick='if(window[\"gf_submitting_3\"]){return false;}  window[\"gf_submitting_3\"]=true;  ' onkeypress='if( event.keyCode == 13 ){ if(window[\"gf_submitting_3\"]){return false;} window[\"gf_submitting_3\"]=true;  jQuery(\"#gform_3\").trigger(\"submit\",[true]); }' \/> <input type='hidden' name='gform_ajax' value='form_id=3&amp;title=1&amp;description=&amp;tabindex=0' \/>\n            <input type='hidden' class='gform_hidden' name='is_submit_3' value='1' \/>\n            <input type='hidden' class='gform_hidden' name='gform_submit' value='3' \/>\n            \n            <input type='hidden' class='gform_hidden' name='gform_unique_id' value='' \/>\n            <input type='hidden' class='gform_hidden' name='state_3' value='WyJbXSIsImMzM2Q3MDQ1MTVlMDE3N2VlOTU1YzQzN2Y1ZDQ4NGYzIl0=' \/>\n            <input type='hidden' class='gform_hidden' name='gform_target_page_number_3' id='gform_target_page_number_3' value='0' \/>\n            <input type='hidden' class='gform_hidden' name='gform_source_page_number_3' id='gform_source_page_number_3' value='1' \/>\n            <input type='hidden' name='gform_field_values' value='' \/>\n            \n        <\/div>\n                        <\/form>\n                        <\/div>\n                <iframe style='display:none;width:0px;height:0px;' src='about:blank' name='gform_ajax_frame_3' id='gform_ajax_frame_3' title='Cette iframe contient la logique n\u00e9cessaire pour manipuler Gravity Forms avec AJAX'><\/iframe>\n                <script type='text\/javascript'>jQuery(document).ready(function($){gformInitSpinner( 3, 'https:\/\/www.permapipe.com\/wp-content\/plugins\/gravityforms\/images\/spinner.gif' );jQuery('#gform_ajax_frame_3').on('load',function(){var contents = jQuery(this).contents().find('*').html();var is_postback = contents.indexOf('GF_AJAX_POSTBACK') >= 0;if(!is_postback){return;}var form_content = jQuery(this).contents().find('#gform_wrapper_3');var is_confirmation = jQuery(this).contents().find('#gform_confirmation_wrapper_3').length > 0;var is_redirect = contents.indexOf('gformRedirect(){') >= 0;var is_form = form_content.length > 0 && ! is_redirect && ! is_confirmation;var mt = parseInt(jQuery('html').css('margin-top'), 10) + parseInt(jQuery('body').css('margin-top'), 10) + 100;if(is_form){jQuery('#gform_wrapper_3').html(form_content.html());if(form_content.hasClass('gform_validation_error')){jQuery('#gform_wrapper_3').addClass('gform_validation_error');} else {jQuery('#gform_wrapper_3').removeClass('gform_validation_error');}setTimeout( function() { \/* delay the scroll by 50 milliseconds to fix a bug in chrome *\/ jQuery(document).scrollTop(jQuery('#gform_wrapper_3').offset().top - mt); }, 50 );if(window['gformInitDatepicker']) {gformInitDatepicker();}if(window['gformInitPriceFields']) {gformInitPriceFields();}var current_page = jQuery('#gform_source_page_number_3').val();gformInitSpinner( 3, 'https:\/\/www.permapipe.com\/wp-content\/plugins\/gravityforms\/images\/spinner.gif' );jQuery(document).trigger('gform_page_loaded', [3, current_page]);window['gf_submitting_3'] = false;}else if(!is_redirect){var confirmation_content = jQuery(this).contents().find('.GF_AJAX_POSTBACK').html();if(!confirmation_content){confirmation_content = contents;}setTimeout(function(){jQuery('#gform_wrapper_3').replaceWith(confirmation_content);jQuery(document).scrollTop(jQuery('#gf_3').offset().top - mt);jQuery(document).trigger('gform_confirmation_loaded', [3]);window['gf_submitting_3'] = false;}, 50);}else{jQuery('#gform_3').append(contents);if(window['gformRedirect']) {gformRedirect();}}jQuery(document).trigger('gform_post_render', [3, current_page]);} );} );<\/script><script type='text\/javascript'> jQuery(document).bind('gform_post_render', function(event, formId, currentPage){if(formId == 3) {if(typeof Placeholders != 'undefined'){\n                        Placeholders.enable();\n                    }} } );jQuery(document).bind('gform_post_conditional_logic', function(event, formId, fields, isInit){} );<\/script><script type='text\/javascript'> jQuery(document).ready(function(){jQuery(document).trigger('gform_post_render', [3, 1]) } ); <\/script>\n\t\t\t\t\t\t<\/div>\n\t\t\t\t<\/div>\n\t\t\t\t\t<\/div>\n\t\t<\/div>\n\t\t\t\t\t\t\t<\/div>\n\t\t<\/section>\n\t\t\t\t\t<\/div>\n\t\t<\/div>\n\t\t\t\t\t\t\t<\/div>\n\t\t<\/section>\n\t\t\t\t\t\t\t<\/div>\n\t\t","protected":false},"excerpt":{"rendered":"<p>DEMANDER UN DEVIS DE PROJET Votre projet est tr\u00e8s important pour nous Afin que nous puissions vous fournir un devis pr\u00e9cis, veuillez remplir le formulaire ci-dessous. Un repr\u00e9sentant commercial de PERMA-PIPE communiquera avec vous pour vous donner des informations sur les produits et les prix. Notre \u00e9quipe exp\u00e9riment\u00e9e d\u00e9terminera la meilleure solution pour r\u00e9pondre aux [&hellip;]<\/p>\n","protected":false},"author":1,"featured_media":0,"parent":0,"menu_order":0,"comment_status":"closed","ping_status":"closed","template":"","meta":[],"yoast_head":"<!-- This site is optimized with the Yoast SEO Premium plugin v20.1 (Yoast SEO v20.1) - https:\/\/yoast.com\/wordpress\/plugins\/seo\/ -->\n<title>Devis - Global Engineered Pipe Services<\/title>\n<meta name=\"robots\" content=\"index, follow, max-snippet:-1, max-image-preview:large, max-video-preview:-1\" \/>\n<link rel=\"canonical\" href=\"https:\/\/www.permapipe.com\/fr\/devis\/\" \/>\n<meta property=\"og:locale\" content=\"fr_CA\" \/>\n<meta property=\"og:type\" content=\"article\" \/>\n<meta property=\"og:title\" content=\"Devis\" \/>\n<meta property=\"og:description\" content=\"DEMANDER UN DEVIS DE PROJET Votre projet est tr\u00e8s important pour nous Afin que nous puissions vous fournir un devis pr\u00e9cis, veuillez remplir le formulaire ci-dessous. Un repr\u00e9sentant commercial de PERMA-PIPE communiquera avec vous pour vous donner des informations sur les produits et les prix. Notre \u00e9quipe exp\u00e9riment\u00e9e d\u00e9terminera la meilleure solution pour r\u00e9pondre aux [&hellip;]\" \/>\n<meta property=\"og:url\" content=\"https:\/\/www.permapipe.com\/fr\/devis\/\" \/>\n<meta property=\"og:site_name\" content=\"Global Engineered Pipe Services\" \/>\n<meta property=\"article:modified_time\" content=\"2023-11-29T03:54:00+00:00\" \/>\n<meta name=\"twitter:card\" content=\"summary_large_image\" \/>\n<meta name=\"twitter:label1\" content=\"Estimation du temps de lecture\" \/>\n\t<meta name=\"twitter:data1\" content=\"1 minute\" \/>\n<script type=\"application\/ld+json\" class=\"yoast-schema-graph\">{\"@context\":\"https:\/\/schema.org\",\"@graph\":[{\"@type\":\"WebPage\",\"@id\":\"https:\/\/www.permapipe.com\/fr\/devis\/\",\"url\":\"https:\/\/www.permapipe.com\/fr\/devis\/\",\"name\":\"Devis - Global Engineered Pipe Services\",\"isPartOf\":{\"@id\":\"https:\/\/www.permapipe.com\/#website\"},\"datePublished\":\"2021-03-26T11:33:16+00:00\",\"dateModified\":\"2023-11-29T03:54:00+00:00\",\"breadcrumb\":{\"@id\":\"https:\/\/www.permapipe.com\/fr\/devis\/#breadcrumb\"},\"inLanguage\":\"fr-CA\",\"potentialAction\":[{\"@type\":\"ReadAction\",\"target\":[\"https:\/\/www.permapipe.com\/fr\/devis\/\"]}]},{\"@type\":\"BreadcrumbList\",\"@id\":\"https:\/\/www.permapipe.com\/fr\/devis\/#breadcrumb\",\"itemListElement\":[{\"@type\":\"ListItem\",\"position\":1,\"name\":\"Home\",\"item\":\"https:\/\/www.permapipe.com\/fr\/page-daccueil\/\"},{\"@type\":\"ListItem\",\"position\":2,\"name\":\"Devis\"}]},{\"@type\":\"WebSite\",\"@id\":\"https:\/\/www.permapipe.com\/#website\",\"url\":\"https:\/\/www.permapipe.com\/\",\"name\":\"Global Engineered Pipe Services\",\"description\":\"\",\"publisher\":{\"@id\":\"https:\/\/www.permapipe.com\/#organization\"},\"potentialAction\":[{\"@type\":\"SearchAction\",\"target\":{\"@type\":\"EntryPoint\",\"urlTemplate\":\"https:\/\/www.permapipe.com\/?s={search_term_string}\"},\"query-input\":\"required name=search_term_string\"}],\"inLanguage\":\"fr-CA\"},{\"@type\":\"Organization\",\"@id\":\"https:\/\/www.permapipe.com\/#organization\",\"name\":\"PERMA-PIPE\",\"url\":\"https:\/\/www.permapipe.com\/\",\"logo\":{\"@type\":\"ImageObject\",\"inLanguage\":\"fr-CA\",\"@id\":\"https:\/\/www.permapipe.com\/#\/schema\/logo\/image\/\",\"url\":\"http:\/\/www.permapipe.com\/wp-content\/uploads\/2021\/04\/logo.png\",\"contentUrl\":\"http:\/\/www.permapipe.com\/wp-content\/uploads\/2021\/04\/logo.png\",\"width\":1842,\"height\":310,\"caption\":\"PERMA-PIPE\"},\"image\":{\"@id\":\"https:\/\/www.permapipe.com\/#\/schema\/logo\/image\/\"}}]}<\/script>\n<!-- \/ Yoast SEO Premium plugin. -->","yoast_head_json":{"title":"Devis - Global Engineered Pipe Services","robots":{"index":"index","follow":"follow","max-snippet":"max-snippet:-1","max-image-preview":"max-image-preview:large","max-video-preview":"max-video-preview:-1"},"canonical":"https:\/\/www.permapipe.com\/fr\/devis\/","og_locale":"fr_CA","og_type":"article","og_title":"Devis","og_description":"DEMANDER UN DEVIS DE PROJET Votre projet est tr\u00e8s important pour nous Afin que nous puissions vous fournir un devis pr\u00e9cis, veuillez remplir le formulaire ci-dessous. Un repr\u00e9sentant commercial de PERMA-PIPE communiquera avec vous pour vous donner des informations sur les produits et les prix. Notre \u00e9quipe exp\u00e9riment\u00e9e d\u00e9terminera la meilleure solution pour r\u00e9pondre aux [&hellip;]","og_url":"https:\/\/www.permapipe.com\/fr\/devis\/","og_site_name":"Global Engineered Pipe Services","article_modified_time":"2023-11-29T03:54:00+00:00","twitter_card":"summary_large_image","twitter_misc":{"Estimation du temps de lecture":"1 minute"},"schema":{"@context":"https:\/\/schema.org","@graph":[{"@type":"WebPage","@id":"https:\/\/www.permapipe.com\/fr\/devis\/","url":"https:\/\/www.permapipe.com\/fr\/devis\/","name":"Devis - Global Engineered Pipe Services","isPartOf":{"@id":"https:\/\/www.permapipe.com\/#website"},"datePublished":"2021-03-26T11:33:16+00:00","dateModified":"2023-11-29T03:54:00+00:00","breadcrumb":{"@id":"https:\/\/www.permapipe.com\/fr\/devis\/#breadcrumb"},"inLanguage":"fr-CA","potentialAction":[{"@type":"ReadAction","target":["https:\/\/www.permapipe.com\/fr\/devis\/"]}]},{"@type":"BreadcrumbList","@id":"https:\/\/www.permapipe.com\/fr\/devis\/#breadcrumb","itemListElement":[{"@type":"ListItem","position":1,"name":"Home","item":"https:\/\/www.permapipe.com\/fr\/page-daccueil\/"},{"@type":"ListItem","position":2,"name":"Devis"}]},{"@type":"WebSite","@id":"https:\/\/www.permapipe.com\/#website","url":"https:\/\/www.permapipe.com\/","name":"Global Engineered Pipe Services","description":"","publisher":{"@id":"https:\/\/www.permapipe.com\/#organization"},"potentialAction":[{"@type":"SearchAction","target":{"@type":"EntryPoint","urlTemplate":"https:\/\/www.permapipe.com\/?s={search_term_string}"},"query-input":"required name=search_term_string"}],"inLanguage":"fr-CA"},{"@type":"Organization","@id":"https:\/\/www.permapipe.com\/#organization","name":"PERMA-PIPE","url":"https:\/\/www.permapipe.com\/","logo":{"@type":"ImageObject","inLanguage":"fr-CA","@id":"https:\/\/www.permapipe.com\/#\/schema\/logo\/image\/","url":"http:\/\/www.permapipe.com\/wp-content\/uploads\/2021\/04\/logo.png","contentUrl":"http:\/\/www.permapipe.com\/wp-content\/uploads\/2021\/04\/logo.png","width":1842,"height":310,"caption":"PERMA-PIPE"},"image":{"@id":"https:\/\/www.permapipe.com\/#\/schema\/logo\/image\/"}}]}},"_links":{"self":[{"href":"https:\/\/www.permapipe.com\/fr\/wp-json\/wp\/v2\/pages\/12088"}],"collection":[{"href":"https:\/\/www.permapipe.com\/fr\/wp-json\/wp\/v2\/pages"}],"about":[{"href":"https:\/\/www.permapipe.com\/fr\/wp-json\/wp\/v2\/types\/page"}],"author":[{"embeddable":true,"href":"https:\/\/www.permapipe.com\/fr\/wp-json\/wp\/v2\/users\/1"}],"replies":[{"embeddable":true,"href":"https:\/\/www.permapipe.com\/fr\/wp-json\/wp\/v2\/comments?post=12088"}],"version-history":[{"count":1,"href":"https:\/\/www.permapipe.com\/fr\/wp-json\/wp\/v2\/pages\/12088\/revisions"}],"predecessor-version":[{"id":12108,"href":"https:\/\/www.permapipe.com\/fr\/wp-json\/wp\/v2\/pages\/12088\/revisions\/12108"}],"wp:attachment":[{"href":"https:\/\/www.permapipe.com\/fr\/wp-json\/wp\/v2\/media?parent=12088"}],"curies":[{"name":"wp","href":"https:\/\/api.w.org\/{rel}","templated":true}]}}